{"id":2236,"date":"2017-03-14T14:07:12","date_gmt":"2017-03-14T13:07:12","guid":{"rendered":"http:\/\/beta.petermachat.com\/?page_id=2236"},"modified":"2017-05-23T21:18:06","modified_gmt":"2017-05-23T20:18:06","slug":"freddyeddy","status":"publish","type":"page","link":"https:\/\/beta.petermachat.com\/de\/freddyeddy\/","title":{"rendered":"freddyeddy"},"content":{"rendered":"<div class=\"wpb-content-wrapper\"><p>[vc_row full_width=&#8220;stretch_row&#8220; content_placement=&#8220;middle&#8220; parallax=&#8220;content-moving&#8220; parallax_image=&#8220;2775&#8243; css=&#8220;.vc_custom_1490698214250{padding-top: 15% !important;padding-bottom: 5% !important;}&#8220;][vc_column width=&#8220;1\/6&#8243;][\/vc_column][vc_column width=&#8220;2\/3&#8243;][vc_single_image image=&#8220;1890&#8243; img_size=&#8220;432&#215;130&#8243; alignment=&#8220;center&#8220; css_animation=&#8220;fadeIn&#8220; css=&#8220;.vc_custom_1490698415939{margin-top: 13% !important;margin-bottom: 3% !important;}&#8220;][\/vc_column][vc_column width=&#8220;1\/6&#8243;][\/vc_column][\/vc_row][vc_row css=&#8220;.vc_custom_1490779639009{margin-bottom: 10% !important;}&#8220;][vc_column width=&#8220;2\/3&#8243;][vc_row_inner][vc_column_inner][vc_single_image image=&#8220;1905&#8243; img_size=&#8220;full&#8220; alignment=&#8220;center&#8220;][\/vc_column_inner][\/vc_row_inner][\/vc_column][vc_column width=&#8220;1\/3&#8243;][vc_custom_heading text=&#8220;Freddy Eddy&#8220; font_container=&#8220;tag:h5|text_align:left&#8220; use_theme_fonts=&#8220;yes&#8220; css=&#8220;.vc_custom_1484823418137{padding-bottom: 20px !important;}&#8220;][vc_column_text]<\/p>\n<p class=\"p1\">Plakat und Grafikdesign f\u00fcr den Film Freddy Eddy.<\/p>\n<p class=\"p1\">Freddy Eddy ist ein Thriller der mit den Elementen der Shizophrenie und des Doppelg\u00e4ngers spielt. Das Plakat greift das Thema der gespaltenen Pers\u00f6nlichkeit auf und schafft gleichzeitig mit der Verschmelzung zweier Gesichter eine Irritation, die die Stimmung des Filmes widerspiegelt. Der rote Balken schafft eine Maske, die f\u00fcr das Hineinschl\u00fcpfen in eine andere Pers\u00f6nlichkeit steht.<\/p>\n<p>[\/vc_column_text][vc_separator align=&#8220;align_left&#8220;][vc_row_inner][vc_column_inner width=&#8220;1\/2&#8243;][vc_column_text]<span style=\"color: #000000;\"><strong>IDEE &amp; DESIGN<br \/>\n<\/strong><\/span>Peter Machat[\/vc_column_text][\/vc_column_inner][vc_column_inner width=&#8220;1\/2&#8243;][vc_column_text]<span style=\"color: #000000;\"><strong>WEBSEITE<br \/>\n<\/strong><\/span><a href=\"http:\/\/freddyeddy.de\" target=\"_blank\" rel=\"noopener noreferrer\">freddyeddy.de<\/a>[\/vc_column_text][\/vc_column_inner][\/vc_row_inner][\/vc_column][\/vc_row]<\/p>\n<\/div>","protected":false},"excerpt":{"rendered":"<p>[vc_row full_width=&#8220;stretch_row&#8220; content_placement=&#8220;middle&#8220; parallax=&#8220;content-moving&#8220; parallax_image=&#8220;2775&#8243; css=&#8220;.vc_custom_1490698214250{padding-top: 15% !important;padding-bottom: 5% !important;}&#8220;][vc_column width=&#8220;1\/6&#8243;][\/vc_column][vc_column width=&#8220;2\/3&#8243;][vc_single_image image=&#8220;1890&#8243; img_size=&#8220;432&#215;130&#8243; alignment=&#8220;center&#8220; css_animation=&#8220;fadeIn&#8220; css=&#8220;.vc_custom_1490698415939{margin-top: 13% !important;margin-bottom: 3% !important;}&#8220;][\/vc_column][vc_column width=&#8220;1\/6&#8243;][\/vc_column][\/vc_row][vc_row css=&#8220;.vc_custom_1490779639009{margin-bottom: 10% !important;}&#8220;][vc_column width=&#8220;2\/3&#8243;][vc_row_inner][vc_column_inner][vc_single_image image=&#8220;1905&#8243; img_size=&#8220;full&#8220; alignment=&#8220;center&#8220;][\/vc_column_inner][\/vc_row_inner][\/vc_column][vc_column width=&#8220;1\/3&#8243;][vc_custom_heading text=&#8220;Freddy Eddy&#8220; font_container=&#8220;tag:h5|text_align:left&#8220; use_theme_fonts=&#8220;yes&#8220; css=&#8220;.vc_custom_1484823418137{padding-bottom: 20px !important;}&#8220;][vc_column_text] Plakat und Grafikdesign f\u00fcr den Film Freddy Eddy. Freddy Eddy ist ein Thriller der mit den Elementen der &hellip; <a href=\"https:\/\/beta.petermachat.com\/de\/freddyeddy\/\" title=\"freddyeddy\" class=\"read-more\">Read More<\/a><\/p>\n","protected":false},"author":1,"featured_media":0,"parent":0,"menu_order":0,"comment_status":"closed","ping_status":"closed","template":"","meta":{"footnotes":""},"_links":{"self":[{"href":"https:\/\/beta.petermachat.com\/de\/wp-json\/wp\/v2\/pages\/2236"}],"collection":[{"href":"https:\/\/beta.petermachat.com\/de\/wp-json\/wp\/v2\/pages"}],"about":[{"href":"https:\/\/beta.petermachat.com\/de\/wp-json\/wp\/v2\/types\/page"}],"author":[{"embeddable":true,"href":"https:\/\/beta.petermachat.com\/de\/wp-json\/wp\/v2\/users\/1"}],"replies":[{"embeddable":true,"href":"https:\/\/beta.petermachat.com\/de\/wp-json\/wp\/v2\/comments?post=2236"}],"version-history":[{"count":9,"href":"https:\/\/beta.petermachat.com\/de\/wp-json\/wp\/v2\/pages\/2236\/revisions"}],"predecessor-version":[{"id":3095,"href":"https:\/\/beta.petermachat.com\/de\/wp-json\/wp\/v2\/pages\/2236\/revisions\/3095"}],"wp:attachment":[{"href":"https:\/\/beta.petermachat.com\/de\/wp-json\/wp\/v2\/media?parent=2236"}],"curies":[{"name":"wp","href":"https:\/\/api.w.org\/{rel}","templated":true}]}}