{"id":2240,"date":"2017-03-14T14:08:52","date_gmt":"2017-03-14T13:08:52","guid":{"rendered":"http:\/\/beta.petermachat.com\/?page_id=2240"},"modified":"2017-03-29T16:15:07","modified_gmt":"2017-03-29T15:15:07","slug":"adoringmonkey","status":"publish","type":"page","link":"https:\/\/beta.petermachat.com\/de\/adoringmonkey\/","title":{"rendered":"adoringmonkey"},"content":{"rendered":"<div class=\"wpb-content-wrapper\"><p>[vc_row full_width=&#8220;stretch_row&#8220; parallax=&#8220;content-moving&#8220; parallax_image=&#8220;2572&#8243; css=&#8220;.vc_custom_1490187515239{padding-top: 23% !important;padding-bottom: 23% !important;}&#8220;][vc_column width=&#8220;1\/2&#8243;][\/vc_column][vc_column width=&#8220;1\/2&#8243;][vc_single_image image=&#8220;2573&#8243; img_size=&#8220;402&#215;160&#8243; alignment=&#8220;center&#8220; css_animation=&#8220;fadeIn&#8220;][\/vc_column][\/vc_row][vc_row css=&#8220;.vc_custom_1475171414015{padding-top: 50px !important;padding-bottom: 80px !important;}&#8220;][vc_column width=&#8220;2\/3&#8243;][vc_row_inner][vc_column_inner width=&#8220;2\/3&#8243;][vc_single_image image=&#8220;2579&#8243; img_size=&#8220;full&#8220; alignment=&#8220;center&#8220;][\/vc_column_inner][vc_column_inner width=&#8220;1\/3&#8243; css=&#8220;.vc_custom_1490193130793{padding-top: 5% !important;padding-bottom: 5% !important;}&#8220;][vc_single_image image=&#8220;2912&#8243; img_size=&#8220;full&#8220; alignment=&#8220;center&#8220;][\/vc_column_inner][\/vc_row_inner][vc_single_image image=&#8220;1870&#8243; img_size=&#8220;full&#8220; alignment=&#8220;center&#8220;][vc_row_inner][vc_column_inner width=&#8220;1\/3&#8243;][vc_single_image image=&#8220;1875&#8243; img_size=&#8220;full&#8220; alignment=&#8220;center&#8220;][\/vc_column_inner][vc_column_inner width=&#8220;1\/3&#8243;][vc_single_image image=&#8220;1877&#8243; img_size=&#8220;full&#8220; alignment=&#8220;center&#8220;][\/vc_column_inner][vc_column_inner width=&#8220;1\/3&#8243;][vc_single_image image=&#8220;1876&#8243; img_size=&#8220;full&#8220; alignment=&#8220;center&#8220;][\/vc_column_inner][\/vc_row_inner][\/vc_column][vc_column width=&#8220;1\/3&#8243;][vc_custom_heading text=&#8220;Er verg\u00f6ttert Dich!&#8220; font_container=&#8220;tag:h5|text_align:left&#8220; use_theme_fonts=&#8220;yes&#8220; css=&#8220;.vc_custom_1484904129589{padding-bottom: 20px !important;}&#8220;][vc_column_text]Er mag Kokosn\u00fcsse, Bananen, Ameisen und K\u00e4fer. Er liebt es Treibgut am Strand zu finden und durchsucht t\u00e4glich den Dschungel. Er mag jeden und l\u00e4sst sich f\u00fcr alles begeistern \u2014 aber Dich mag er ganz besonders. Er mag einfach alles an Dir: Was Du tust, Deinen Stil, Deine Arbeit, Dein Aussehen, Deine Launen \u2014 er betet Dich an! Stell ihn auf Deinen Schreibtisch und er wird Dich bewundern w\u00e4hrend Du arbeitest, relaxt oder tust, wozu auch immer Du Lust hast!<\/p>\n<p>Jeder Affe ist handgegossen, individuell bemalt und hat einen Namen, dessen Anfangsbuchstabe nach Produktionsreihenfolge dem Alphabet entspricht! Es wird also insgesamt 26 verschiedene Affen geben.[\/vc_column_text][vc_separator align=&#8220;align_left&#8220;][vc_row_inner][vc_column_inner width=&#8220;1\/2&#8243;][vc_column_text]<span style=\"color: #000000;\"><strong>TECHNIK<br \/>\n<\/strong><\/span>3D Modellierung, CNC Fr\u00e4se, Rapid Prototyping (Silikonform, Kunststoffguss), Siebdruck, Tiefziehen, Airbrush[\/vc_column_text][\/vc_column_inner][vc_column_inner width=&#8220;1\/2&#8243;][vc_column_text]<span style=\"color: #000000;\"><strong>DESIGN &amp; HERSTELLUNG<br \/>\n<\/strong><\/span>Peter Machat \u2014 handgemacht in den Werkst\u00e4tten der Bauhaus Universit\u00e4t Weimar[\/vc_column_text][\/vc_column_inner][\/vc_row_inner][\/vc_column][\/vc_row]<\/p>\n<\/div>","protected":false},"excerpt":{"rendered":"<p>[vc_row full_width=&#8220;stretch_row&#8220; parallax=&#8220;content-moving&#8220; parallax_image=&#8220;2572&#8243; css=&#8220;.vc_custom_1490187515239{padding-top: 23% !important;padding-bottom: 23% !important;}&#8220;][vc_column width=&#8220;1\/2&#8243;][\/vc_column][vc_column width=&#8220;1\/2&#8243;][vc_single_image image=&#8220;2573&#8243; img_size=&#8220;402&#215;160&#8243; alignment=&#8220;center&#8220; css_animation=&#8220;fadeIn&#8220;][\/vc_column][\/vc_row][vc_row css=&#8220;.vc_custom_1475171414015{padding-top: 50px !important;padding-bottom: 80px !important;}&#8220;][vc_column width=&#8220;2\/3&#8243;][vc_row_inner][vc_column_inner width=&#8220;2\/3&#8243;][vc_single_image image=&#8220;2579&#8243; img_size=&#8220;full&#8220; alignment=&#8220;center&#8220;][\/vc_column_inner][vc_column_inner width=&#8220;1\/3&#8243; css=&#8220;.vc_custom_1490193130793{padding-top: 5% !important;padding-bottom: 5% !important;}&#8220;][vc_single_image image=&#8220;2912&#8243; img_size=&#8220;full&#8220; alignment=&#8220;center&#8220;][\/vc_column_inner][\/vc_row_inner][vc_single_image image=&#8220;1870&#8243; img_size=&#8220;full&#8220; alignment=&#8220;center&#8220;][vc_row_inner][vc_column_inner width=&#8220;1\/3&#8243;][vc_single_image image=&#8220;1875&#8243; img_size=&#8220;full&#8220; alignment=&#8220;center&#8220;][\/vc_column_inner][vc_column_inner width=&#8220;1\/3&#8243;][vc_single_image image=&#8220;1877&#8243; img_size=&#8220;full&#8220; alignment=&#8220;center&#8220;][\/vc_column_inner][vc_column_inner width=&#8220;1\/3&#8243;][vc_single_image image=&#8220;1876&#8243; img_size=&#8220;full&#8220; alignment=&#8220;center&#8220;][\/vc_column_inner][\/vc_row_inner][\/vc_column][vc_column width=&#8220;1\/3&#8243;][vc_custom_heading text=&#8220;Er verg\u00f6ttert Dich!&#8220; font_container=&#8220;tag:h5|text_align:left&#8220; use_theme_fonts=&#8220;yes&#8220; &hellip; <a href=\"https:\/\/beta.petermachat.com\/de\/adoringmonkey\/\" title=\"adoringmonkey\" class=\"read-more\">Read More<\/a><\/p>\n","protected":false},"author":1,"featured_media":0,"parent":0,"menu_order":0,"comment_status":"closed","ping_status":"closed","template":"","meta":{"footnotes":""},"_links":{"self":[{"href":"https:\/\/beta.petermachat.com\/de\/wp-json\/wp\/v2\/pages\/2240"}],"collection":[{"href":"https:\/\/beta.petermachat.com\/de\/wp-json\/wp\/v2\/pages"}],"about":[{"href":"https:\/\/beta.petermachat.com\/de\/wp-json\/wp\/v2\/types\/page"}],"author":[{"embeddable":true,"href":"https:\/\/beta.petermachat.com\/de\/wp-json\/wp\/v2\/users\/1"}],"replies":[{"embeddable":true,"href":"https:\/\/beta.petermachat.com\/de\/wp-json\/wp\/v2\/comments?post=2240"}],"version-history":[{"count":7,"href":"https:\/\/beta.petermachat.com\/de\/wp-json\/wp\/v2\/pages\/2240\/revisions"}],"predecessor-version":[{"id":2256,"href":"https:\/\/beta.petermachat.com\/de\/wp-json\/wp\/v2\/pages\/2240\/revisions\/2256"}],"wp:attachment":[{"href":"https:\/\/beta.petermachat.com\/de\/wp-json\/wp\/v2\/media?parent=2240"}],"curies":[{"name":"wp","href":"https:\/\/api.w.org\/{rel}","templated":true}]}}