{"id":2243,"date":"2017-03-14T14:10:04","date_gmt":"2017-03-14T13:10:04","guid":{"rendered":"http:\/\/beta.petermachat.com\/?page_id=2243"},"modified":"2018-03-03T12:28:49","modified_gmt":"2018-03-03T11:28:49","slug":"junglejam","status":"publish","type":"page","link":"https:\/\/beta.petermachat.com\/de\/junglejam\/","title":{"rendered":"junglejam"},"content":{"rendered":"<div class=\"wpb-content-wrapper\"><p>[vc_row full_width=&#8220;stretch_row&#8220; video_bg=&#8220;use_video&#8220; video_image=&#8220;3250&#8243; css=&#8220;.vc_custom_1504003544205{padding-top: 60% !important;padding-bottom: 40% !important;}&#8220;][vc_column width=&#8220;1\/4&#8243;][\/vc_column][vc_column width=&#8220;1\/2&#8243;][\/vc_column][vc_column width=&#8220;1\/4&#8243;][\/vc_column][\/vc_row][vc_row css=&#8220;.vc_custom_1504003631922{padding-top: 5% !important;}&#8220;][vc_column width=&#8220;1\/4&#8243;][\/vc_column][vc_column width=&#8220;1\/2&#8243;][vc_single_image image=&#8220;2375&#8243; img_size=&#8220;444&#215;110&#8243; alignment=&#8220;center&#8220; css_animation=&#8220;fadeIn&#8220;][\/vc_column][vc_column width=&#8220;1\/4&#8243;][\/vc_column][\/vc_row][vc_row css=&#8220;.vc_custom_1490115989120{margin-top: 4% !important;margin-bottom: 10% !important;}&#8220;][vc_column width=&#8220;2\/3&#8243;][vc_single_image image=&#8220;3290&#8243; img_size=&#8220;full&#8220; alignment=&#8220;center&#8220;][vc_single_image image=&#8220;3291&#8243; img_size=&#8220;full&#8220; alignment=&#8220;center&#8220;][vc_single_image image=&#8220;3287&#8243; img_size=&#8220;full&#8220; alignment=&#8220;center&#8220;][\/vc_column][vc_column width=&#8220;1\/3&#8243;][vc_custom_heading text=&#8220;Klapper die Schlange!&#8220; font_container=&#8220;tag:h5|text_align:left&#8220; use_theme_fonts=&#8220;yes&#8220; css=&#8220;.vc_custom_1484590638834{padding-bottom: 20px !important;}&#8220;][vc_column_text]<\/p>\n<p class=\"p1\">Junglejam! ist eine Musik App f\u00fcr Kinder ab vier Jahren.<\/p>\n<p class=\"p1\">Ich wollte eine offensichtlich fiktive und verspielte Szene schaffen, die den Betrachter in die Tiefe des Dschungels hineinzieht. Reduzierte und klare Formen mit der Haptik von Rinde, Fell und Federn.<\/p>\n<p class=\"p1\">Nach einfachen Komposition- und Bleistiftskizzen experimentierte ich mit Karton, Pappe und verschiedenen M\u00f6glichkeiten, die Tiefe des Waldes zu erzeugen. Ich Fotografierte und scannte Moose, Rinden, Bl\u00e4tter, Textilien und Kartons, analysierte ihre Haptik und erstellte Stempel,\u00a0Pinsel\u00a0und Strukturen. Zur Erschaffung der Tiere ging ich zur\u00fcck an den Anfang und versuchte ihre geometrische Kernform zu finden, die obwohl sie abstrakt ist, dennoch ihre\u00a0Pers\u00f6nlichkeit unterst\u00fctzt und die gew\u00fcnschten Gef\u00fchle beim Betrachter hervorruft. Aus den Skizzen schuf ich Vektor Tiere, die ich gleich einem Hampelmann in Einzelteilen in Photoshop importierte und dort wieder zusammenf\u00fcgte. Nicht zufrieden mit dem Resultat, begann ich Fell und Feder Strukturen zu imitieren und texturierte die Figuren. Das Resultat gefiel mir so gut, dass ich es auf den Rest der Szene \u00fcbertrug. Daraufhin exportierte ich die Figuren und animierte die Szene.<\/p>\n<p>[\/vc_column_text][vc_separator align=&#8220;align_left&#8220;][vc_row_inner][vc_column_inner width=&#8220;1\/2&#8243;][vc_column_text]<span style=\"color: #000000;\"><strong>KUNDE<br \/>\n<\/strong><\/span>wonderkind &amp; counterpulse audio<\/p>\n<p><span style=\"color: #000000;\"><strong>iTUNES<br \/>\n<\/strong><\/span><a href=\"https:\/\/appsto.re\/de\/P_g13.i\" target=\"_blank\" rel=\"noopener noreferrer\">JungleJam!<\/a>[\/vc_column_text][\/vc_column_inner][vc_column_inner width=&#8220;1\/2&#8243;][vc_column_text]<span style=\"color: #000000;\"><strong>TECHNIK<br \/>\n<\/strong><\/span>Collage aus Papier, Karton, Textilien, Bl\u00e4ttern, Scans und Fotos kombiniert mit Vektoren und digitaler Malerei<\/p>\n<p><span style=\"color: #000000;\"><strong>ARTDIREKTION, SCREEN-DESIGN, ILLUSTRATION &amp; ANIMATION<br \/>\n<\/strong><\/span>Peter Machat[\/vc_column_text][\/vc_column_inner][\/vc_row_inner][\/vc_column][\/vc_row][vc_row css=&#8220;.vc_custom_1520076407953{margin-bottom: 10% !important;}&#8220;][vc_column][vc_single_image image=&#8220;3292&#8243; img_size=&#8220;full&#8220; alignment=&#8220;center&#8220;][vc_single_image image=&#8220;3293&#8243; img_size=&#8220;full&#8220; alignment=&#8220;center&#8220;][vc_single_image image=&#8220;3289&#8243; img_size=&#8220;full&#8220; alignment=&#8220;center&#8220;][\/vc_column][\/vc_row]<\/p>\n<\/div>","protected":false},"excerpt":{"rendered":"<p>[vc_row full_width=&#8220;stretch_row&#8220; video_bg=&#8220;use_video&#8220; video_image=&#8220;3250&#8243; css=&#8220;.vc_custom_1504003544205{padding-top: 60% !important;padding-bottom: 40% !important;}&#8220;][vc_column width=&#8220;1\/4&#8243;][\/vc_column][vc_column width=&#8220;1\/2&#8243;][\/vc_column][vc_column width=&#8220;1\/4&#8243;][\/vc_column][\/vc_row][vc_row css=&#8220;.vc_custom_1504003631922{padding-top: 5% !important;}&#8220;][vc_column width=&#8220;1\/4&#8243;][\/vc_column][vc_column width=&#8220;1\/2&#8243;][vc_single_image image=&#8220;2375&#8243; img_size=&#8220;444&#215;110&#8243; alignment=&#8220;center&#8220; css_animation=&#8220;fadeIn&#8220;][\/vc_column][vc_column width=&#8220;1\/4&#8243;][\/vc_column][\/vc_row][vc_row css=&#8220;.vc_custom_1490115989120{margin-top: 4% !important;margin-bottom: 10% !important;}&#8220;][vc_column width=&#8220;2\/3&#8243;][vc_single_image image=&#8220;3290&#8243; img_size=&#8220;full&#8220; alignment=&#8220;center&#8220;][vc_single_image image=&#8220;3291&#8243; img_size=&#8220;full&#8220; alignment=&#8220;center&#8220;][vc_single_image image=&#8220;3287&#8243; img_size=&#8220;full&#8220; alignment=&#8220;center&#8220;][\/vc_column][vc_column width=&#8220;1\/3&#8243;][vc_custom_heading text=&#8220;Klapper die Schlange!&#8220; font_container=&#8220;tag:h5|text_align:left&#8220; use_theme_fonts=&#8220;yes&#8220; css=&#8220;.vc_custom_1484590638834{padding-bottom: 20px !important;}&#8220;][vc_column_text] Junglejam! ist eine Musik App f\u00fcr Kinder ab vier &hellip; <a href=\"https:\/\/beta.petermachat.com\/de\/junglejam\/\" title=\"junglejam\" class=\"read-more\">Read More<\/a><\/p>\n","protected":false},"author":1,"featured_media":0,"parent":0,"menu_order":0,"comment_status":"closed","ping_status":"closed","template":"","meta":{"footnotes":""},"_links":{"self":[{"href":"https:\/\/beta.petermachat.com\/de\/wp-json\/wp\/v2\/pages\/2243"}],"collection":[{"href":"https:\/\/beta.petermachat.com\/de\/wp-json\/wp\/v2\/pages"}],"about":[{"href":"https:\/\/beta.petermachat.com\/de\/wp-json\/wp\/v2\/types\/page"}],"author":[{"embeddable":true,"href":"https:\/\/beta.petermachat.com\/de\/wp-json\/wp\/v2\/users\/1"}],"replies":[{"embeddable":true,"href":"https:\/\/beta.petermachat.com\/de\/wp-json\/wp\/v2\/comments?post=2243"}],"version-history":[{"count":30,"href":"https:\/\/beta.petermachat.com\/de\/wp-json\/wp\/v2\/pages\/2243\/revisions"}],"predecessor-version":[{"id":3295,"href":"https:\/\/beta.petermachat.com\/de\/wp-json\/wp\/v2\/pages\/2243\/revisions\/3295"}],"wp:attachment":[{"href":"https:\/\/beta.petermachat.com\/de\/wp-json\/wp\/v2\/media?parent=2243"}],"curies":[{"name":"wp","href":"https:\/\/api.w.org\/{rel}","templated":true}]}}