{"id":2292,"date":"2017-03-14T17:45:36","date_gmt":"2017-03-14T16:45:36","guid":{"rendered":"http:\/\/beta.petermachat.com\/?page_id=2292"},"modified":"2017-03-30T17:03:40","modified_gmt":"2017-03-30T16:03:40","slug":"drups","status":"publish","type":"page","link":"https:\/\/beta.petermachat.com\/de\/drups\/","title":{"rendered":"drups"},"content":{"rendered":"<div class=\"wpb-content-wrapper\"><p>[vc_row full_width=&#8220;stretch_row&#8220; parallax=&#8220;content-moving&#8220; parallax_image=&#8220;2306&#8243; css=&#8220;.vc_custom_1489522547401{padding-top: 8% !important;padding-bottom: 8% !important;}&#8220;][vc_column width=&#8220;1\/4&#8243;][\/vc_column][vc_column width=&#8220;1\/2&#8243;][vc_single_image image=&#8220;2307&#8243; img_size=&#8220;full&#8220; alignment=&#8220;center&#8220; css_animation=&#8220;fadeIn&#8220;][vc_single_image image=&#8220;2308&#8243; img_size=&#8220;200&#215;60&#8243; alignment=&#8220;center&#8220; css_animation=&#8220;fadeIn&#8220; css=&#8220;.vc_custom_1489516499937{margin-top: -7% !important;}&#8220;][\/vc_column][vc_column width=&#8220;1\/4&#8243;][\/vc_column][\/vc_row][vc_row css=&#8220;.vc_custom_1489422933747{padding-bottom: 5% !important;}&#8220;][vc_column][\/vc_column][\/vc_row][vc_row css=&#8220;.vc_custom_1489422933747{padding-bottom: 5% !important;}&#8220;][vc_column width=&#8220;2\/3&#8243;][vc_single_image image=&#8220;2299&#8243; img_size=&#8220;full&#8220; alignment=&#8220;center&#8220;][vc_single_image image=&#8220;2302&#8243; img_size=&#8220;full&#8220; alignment=&#8220;center&#8220;][vc_single_image image=&#8220;2304&#8243; img_size=&#8220;full&#8220; alignment=&#8220;center&#8220;][\/vc_column][vc_column width=&#8220;1\/3&#8243;][vc_custom_heading text=&#8220;Corporate Identity f\u00fcr die Spendenplattform drups&#8220; font_container=&#8220;tag:h5|text_align:left&#8220; use_theme_fonts=&#8220;yes&#8220; css=&#8220;.vc_custom_1489513825603{padding-bottom: 20px !important;}&#8220;][vc_column_text]Geben ist seliger denn Nehmen und auf \u201edrups\u201f macht es auch noch Spa\u00df. Aber wie zeige ich all dies in einem Corporate Design?<\/p>\n<p>Mit einer Pusteblume!<\/p>\n<p>Kleine Geste &#8211; gro\u00dfe Wirkung: Es kostet nicht mehr als einen Atemzug, eine Pusteblume zu zerst\u00e4uben. Doch die Wirkung ist enorm. Die Samen werden in alle Himmelsrichtungen getragen und wachsen wieder zu L\u00f6wenzahn-Blumen heran, bis sie sich erneut zur Pusteblume wandeln. Spenden bei drups ist wie das Pusten auf eine Pusteblume: Es ist kinderleicht, bereitet Freude und tut Gutes. Jedes Samenschirmchen steht f\u00fcr eine Spende, die sich auf die verschiedenen Hilfsorganisationen verteilen, wo sie zu Bl\u00fcten, also zu vollendeten Projekten heranwachsen. Das drups-Logo begleitet den Spenden-Kreislauf mit dem Zyklus der Pusteblume \u2014 die Pusteblume in ihrem Ausgangszustand steht f\u00fcr den Spendenbereich der Website. Mit jeder Spende fliegt ein Same als Animation zum anvisierten Spendenobjekt. Die volle Bl\u00fcte kennzeichnet den Bereich der Website, der die Resultate der jeweiligen Spendenaktionen dokumentiert. F\u00fcr jedes vollendete Projekt erscheint im Account des Users eine Bl\u00fcte. Entsteht aus einer abgeschlossenen Spendeninitiative eine Folgeinitiative, beginnt der Zyklus der Pusteblume von neuem.[\/vc_column_text][vc_separator align=&#8220;align_left&#8220;][vc_row_inner][vc_column_inner width=&#8220;1\/2&#8243;][vc_column_text]<span style=\"color: #000000;\"><strong>KUNDE<br \/>\n<\/strong><\/span>Shop Apotheke<\/p>\n<p><span style=\"color: #000000;\"><strong>AGENTUR<br \/>\n<\/strong><\/span>eitelsonnenschein[\/vc_column_text][\/vc_column_inner][vc_column_inner width=&#8220;1\/2&#8243;][vc_column_text]<span style=\"color: #000000;\"><strong>KONZEPT &amp; DESIGN<br \/>\n<\/strong><\/span>Peter Machat[\/vc_column_text][\/vc_column_inner][\/vc_row_inner][\/vc_column][\/vc_row][vc_row css=&#8220;.vc_custom_1489521688505{padding-bottom: 5% !important;}&#8220;][vc_column width=&#8220;1\/3&#8243;][vc_single_image image=&#8220;2322&#8243; img_size=&#8220;full&#8220; alignment=&#8220;center&#8220;][\/vc_column][vc_column width=&#8220;2\/3&#8243;][vc_single_image image=&#8220;2328&#8243; img_size=&#8220;full&#8220; alignment=&#8220;center&#8220;][\/vc_column][\/vc_row][vc_row css=&#8220;.vc_custom_1489521688505{padding-bottom: 5% !important;}&#8220;][vc_column width=&#8220;1\/3&#8243;][vc_single_image image=&#8220;2323&#8243; img_size=&#8220;full&#8220; alignment=&#8220;center&#8220;][\/vc_column][vc_column width=&#8220;2\/3&#8243;][vc_single_image image=&#8220;2329&#8243; img_size=&#8220;full&#8220; alignment=&#8220;center&#8220;][\/vc_column][\/vc_row][vc_row css=&#8220;.vc_custom_1490889795294{margin-bottom: 15% !important;}&#8220;][vc_column width=&#8220;1\/3&#8243;][vc_single_image image=&#8220;2324&#8243; img_size=&#8220;full&#8220; alignment=&#8220;center&#8220;][\/vc_column][vc_column width=&#8220;2\/3&#8243;][vc_single_image image=&#8220;2330&#8243; img_size=&#8220;full&#8220; alignment=&#8220;center&#8220;][\/vc_column][\/vc_row]<\/p>\n<\/div>","protected":false},"excerpt":{"rendered":"<p>[vc_row full_width=&#8220;stretch_row&#8220; parallax=&#8220;content-moving&#8220; parallax_image=&#8220;2306&#8243; css=&#8220;.vc_custom_1489522547401{padding-top: 8% !important;padding-bottom: 8% !important;}&#8220;][vc_column width=&#8220;1\/4&#8243;][\/vc_column][vc_column width=&#8220;1\/2&#8243;][vc_single_image image=&#8220;2307&#8243; img_size=&#8220;full&#8220; alignment=&#8220;center&#8220; css_animation=&#8220;fadeIn&#8220;][vc_single_image image=&#8220;2308&#8243; img_size=&#8220;200&#215;60&#8243; alignment=&#8220;center&#8220; css_animation=&#8220;fadeIn&#8220; css=&#8220;.vc_custom_1489516499937{margin-top: -7% !important;}&#8220;][\/vc_column][vc_column width=&#8220;1\/4&#8243;][\/vc_column][\/vc_row][vc_row css=&#8220;.vc_custom_1489422933747{padding-bottom: 5% !important;}&#8220;][vc_column][\/vc_column][\/vc_row][vc_row css=&#8220;.vc_custom_1489422933747{padding-bottom: 5% !important;}&#8220;][vc_column width=&#8220;2\/3&#8243;][vc_single_image image=&#8220;2299&#8243; img_size=&#8220;full&#8220; alignment=&#8220;center&#8220;][vc_single_image image=&#8220;2302&#8243; img_size=&#8220;full&#8220; alignment=&#8220;center&#8220;][vc_single_image image=&#8220;2304&#8243; img_size=&#8220;full&#8220; alignment=&#8220;center&#8220;][\/vc_column][vc_column width=&#8220;1\/3&#8243;][vc_custom_heading text=&#8220;Corporate Identity f\u00fcr die Spendenplattform drups&#8220; font_container=&#8220;tag:h5|text_align:left&#8220; use_theme_fonts=&#8220;yes&#8220; css=&#8220;.vc_custom_1489513825603{padding-bottom: 20px !important;}&#8220;][vc_column_text]Geben ist seliger denn Nehmen &hellip; <a href=\"https:\/\/beta.petermachat.com\/de\/drups\/\" title=\"drups\" class=\"read-more\">Read More<\/a><\/p>\n","protected":false},"author":1,"featured_media":0,"parent":0,"menu_order":0,"comment_status":"closed","ping_status":"closed","template":"","meta":{"footnotes":""},"_links":{"self":[{"href":"https:\/\/beta.petermachat.com\/de\/wp-json\/wp\/v2\/pages\/2292"}],"collection":[{"href":"https:\/\/beta.petermachat.com\/de\/wp-json\/wp\/v2\/pages"}],"about":[{"href":"https:\/\/beta.petermachat.com\/de\/wp-json\/wp\/v2\/types\/page"}],"author":[{"embeddable":true,"href":"https:\/\/beta.petermachat.com\/de\/wp-json\/wp\/v2\/users\/1"}],"replies":[{"embeddable":true,"href":"https:\/\/beta.petermachat.com\/de\/wp-json\/wp\/v2\/comments?post=2292"}],"version-history":[{"count":19,"href":"https:\/\/beta.petermachat.com\/de\/wp-json\/wp\/v2\/pages\/2292\/revisions"}],"predecessor-version":[{"id":2974,"href":"https:\/\/beta.petermachat.com\/de\/wp-json\/wp\/v2\/pages\/2292\/revisions\/2974"}],"wp:attachment":[{"href":"https:\/\/beta.petermachat.com\/de\/wp-json\/wp\/v2\/media?parent=2292"}],"curies":[{"name":"wp","href":"https:\/\/api.w.org\/{rel}","templated":true}]}}