{"id":2380,"date":"2017-03-16T17:31:11","date_gmt":"2017-03-16T16:31:11","guid":{"rendered":"http:\/\/beta.petermachat.com\/?page_id=2380"},"modified":"2017-03-30T14:59:14","modified_gmt":"2017-03-30T13:59:14","slug":"traumspiel","status":"publish","type":"page","link":"https:\/\/beta.petermachat.com\/de\/traumspiel\/","title":{"rendered":"traumspiel"},"content":{"rendered":"<div class=\"wpb-content-wrapper\"><p>[vc_row full_width=&#8220;stretch_row&#8220; parallax=&#8220;content-moving&#8220; parallax_image=&#8220;2390&#8243;][vc_column width=&#8220;1\/4&#8243;][\/vc_column][vc_column width=&#8220;1\/2&#8243;][vc_single_image image=&#8220;2416&#8243; img_size=&#8220;full&#8220; alignment=&#8220;center&#8220; css_animation=&#8220;fadeIn&#8220; css=&#8220;.vc_custom_1489757918753{margin-top: 30% !important;margin-bottom: -23% !important;}&#8220;][\/vc_column][vc_column width=&#8220;1\/4&#8243;][\/vc_column][\/vc_row][vc_row full_width=&#8220;stretch_row_content&#8220; css=&#8220;.vc_custom_1489748911337{margin-bottom: 5% !important;}&#8220;][vc_column width=&#8220;1\/6&#8243;][\/vc_column][vc_column width=&#8220;2\/3&#8243;][vc_single_image image=&#8220;2409&#8243; img_size=&#8220;full&#8220; alignment=&#8220;center&#8220; css_animation=&#8220;fadeInUp&#8220; css=&#8220;.vc_custom_1490779794442{margin-top: 5% !important;}&#8220;][\/vc_column][vc_column width=&#8220;1\/6&#8243;][\/vc_column][\/vc_row][vc_row full_width=&#8220;stretch_row&#8220;][vc_column][vc_column_text]<iframe loading=\"lazy\" src=\"http:\/\/player.vimeo.com\/video\/44790893?title=0&amp;byline=0&amp;portrait=0&amp;color=ffffff&amp;autoplay=0\" width=\"940\" height=\"529\" frameborder=\"0\" allowfullscreen=\"allowfullscreen\"><\/iframe>[\/vc_column_text][\/vc_column][\/vc_row][vc_row css=&#8220;.vc_custom_1489756592313{margin-bottom: 15% !important;}&#8220;][vc_column width=&#8220;1\/3&#8243;][vc_single_image image=&#8220;2959&#8243; img_size=&#8220;full&#8220; alignment=&#8220;center&#8220;][\/vc_column][vc_column width=&#8220;1\/3&#8243;][vc_column_text]Drei Kinder tr\u00e4umen davon einmal bei der Fu\u00dfball WM dabei zu sein. Da jeder Staat ein Team stellen darf, gr\u00fcnden sie einfach ihren eigenen. Ein Film \u00fcber Tr\u00e4ume und den festen Glauben daran, dass sie Wirklichkeit werden k\u00f6nnen.<\/p>\n<p>Aquarell Animationsfilm 2:18 min.\u00a0Der Film lief 2006 im MDR Fernsehen im Rahmen der Sendung \u201eUnicato\u201f.[\/vc_column_text][\/vc_column][vc_column width=&#8220;1\/3&#8243;][vc_row_inner][vc_column_inner width=&#8220;1\/3&#8243;][vc_column_text]<strong>TON<br \/>\n<\/strong>Andr\u00e9 Zimmermann[\/vc_column_text][\/vc_column_inner][vc_column_inner width=&#8220;1\/3&#8243;][vc_column_text]<strong>SPRECHER<br \/>\n<\/strong>Matthias Kirchner[\/vc_column_text][\/vc_column_inner][vc_column_inner width=&#8220;1\/3&#8243;][vc_column_text]<strong>IDEE, ILLUSTRATION &amp; ANIMATION<br \/>\n<\/strong>Peter Machat[\/vc_column_text][\/vc_column_inner][\/vc_row_inner][\/vc_column][\/vc_row]<\/p>\n<\/div>","protected":false},"excerpt":{"rendered":"<p>[vc_row full_width=&#8220;stretch_row&#8220; parallax=&#8220;content-moving&#8220; parallax_image=&#8220;2390&#8243;][vc_column width=&#8220;1\/4&#8243;][\/vc_column][vc_column width=&#8220;1\/2&#8243;][vc_single_image image=&#8220;2416&#8243; img_size=&#8220;full&#8220; alignment=&#8220;center&#8220; css_animation=&#8220;fadeIn&#8220; css=&#8220;.vc_custom_1489757918753{margin-top: 30% !important;margin-bottom: -23% !important;}&#8220;][\/vc_column][vc_column width=&#8220;1\/4&#8243;][\/vc_column][\/vc_row][vc_row full_width=&#8220;stretch_row_content&#8220; css=&#8220;.vc_custom_1489748911337{margin-bottom: 5% !important;}&#8220;][vc_column width=&#8220;1\/6&#8243;][\/vc_column][vc_column width=&#8220;2\/3&#8243;][vc_single_image image=&#8220;2409&#8243; img_size=&#8220;full&#8220; alignment=&#8220;center&#8220; css_animation=&#8220;fadeInUp&#8220; css=&#8220;.vc_custom_1490779794442{margin-top: 5% !important;}&#8220;][\/vc_column][vc_column width=&#8220;1\/6&#8243;][\/vc_column][\/vc_row][vc_row full_width=&#8220;stretch_row&#8220;][vc_column][vc_column_text][\/vc_column_text][\/vc_column][\/vc_row][vc_row css=&#8220;.vc_custom_1489756592313{margin-bottom: 15% !important;}&#8220;][vc_column width=&#8220;1\/3&#8243;][vc_single_image image=&#8220;2959&#8243; img_size=&#8220;full&#8220; alignment=&#8220;center&#8220;][\/vc_column][vc_column width=&#8220;1\/3&#8243;][vc_column_text]Drei Kinder tr\u00e4umen davon einmal bei der Fu\u00dfball WM dabei zu sein. Da jeder Staat ein Team &hellip; <a href=\"https:\/\/beta.petermachat.com\/de\/traumspiel\/\" title=\"traumspiel\" class=\"read-more\">Read More<\/a><\/p>\n","protected":false},"author":1,"featured_media":0,"parent":0,"menu_order":0,"comment_status":"closed","ping_status":"closed","template":"","meta":{"footnotes":""},"_links":{"self":[{"href":"https:\/\/beta.petermachat.com\/de\/wp-json\/wp\/v2\/pages\/2380"}],"collection":[{"href":"https:\/\/beta.petermachat.com\/de\/wp-json\/wp\/v2\/pages"}],"about":[{"href":"https:\/\/beta.petermachat.com\/de\/wp-json\/wp\/v2\/types\/page"}],"author":[{"embeddable":true,"href":"https:\/\/beta.petermachat.com\/de\/wp-json\/wp\/v2\/users\/1"}],"replies":[{"embeddable":true,"href":"https:\/\/beta.petermachat.com\/de\/wp-json\/wp\/v2\/comments?post=2380"}],"version-history":[{"count":26,"href":"https:\/\/beta.petermachat.com\/de\/wp-json\/wp\/v2\/pages\/2380\/revisions"}],"predecessor-version":[{"id":2960,"href":"https:\/\/beta.petermachat.com\/de\/wp-json\/wp\/v2\/pages\/2380\/revisions\/2960"}],"wp:attachment":[{"href":"https:\/\/beta.petermachat.com\/de\/wp-json\/wp\/v2\/media?parent=2380"}],"curies":[{"name":"wp","href":"https:\/\/api.w.org\/{rel}","templated":true}]}}