{"id":2456,"date":"2017-03-20T12:16:00","date_gmt":"2017-03-20T11:16:00","guid":{"rendered":"http:\/\/beta.petermachat.com\/?page_id=2456"},"modified":"2017-03-28T16:17:28","modified_gmt":"2017-03-28T15:17:28","slug":"derliebeswunsch","status":"publish","type":"page","link":"https:\/\/beta.petermachat.com\/de\/derliebeswunsch\/","title":{"rendered":"derliebeswunsch"},"content":{"rendered":"<div class=\"wpb-content-wrapper\"><p>[vc_row full_width=&#8220;stretch_row&#8220; parallax=&#8220;content-moving&#8220; parallax_image=&#8220;2466&#8243; css=&#8220;.vc_custom_1490029760261{padding-top: 30% !important;padding-bottom: 20% !important;}&#8220;][vc_column width=&#8220;1\/6&#8243;][\/vc_column][vc_column width=&#8220;4\/6&#8243;][vc_single_image image=&#8220;2465&#8243; img_size=&#8220;full&#8220; alignment=&#8220;center&#8220; css_animation=&#8220;fadeIn&#8220;][\/vc_column][vc_column width=&#8220;1\/6&#8243;][\/vc_column][\/vc_row][vc_row css=&#8220;.vc_custom_1490030944607{padding-top: 5% !important;padding-bottom: 3% !important;}&#8220;][vc_column width=&#8220;2\/3&#8243;][vc_row_inner][vc_column_inner][vc_single_image image=&#8220;2482&#8243; img_size=&#8220;full&#8220; alignment=&#8220;center&#8220; onclick=&#8220;link_image&#8220;][\/vc_column_inner][\/vc_row_inner][\/vc_column][vc_column width=&#8220;1\/3&#8243;][vc_custom_heading text=&#8220;DER LIEBESWUNSCH&#8220; font_container=&#8220;tag:h5|text_align:left&#8220; use_theme_fonts=&#8220;yes&#8220; css=&#8220;.vc_custom_1490008607473{padding-bottom: 20px !important;}&#8220;][vc_column_text]<\/p>\n<p class=\"p1\">Plakat f\u00fcr den Kinofilm \u201eDer Liebeswunsch\u201f.<\/p>\n<p class=\"p1\">Der Liebeswunsch\u00a0portr\u00e4tiert das Gef\u00fchlsleben der jungen Anja, die sich ihrem Wunsch nach Liebe\u00a0folgend, emotional immer weiter destabilisiert. Das Plakat zeigt die Hauptdarstellerin mit geschlossenen Augen, kopf\u00fcber auf einem Gel\u00e4nder balancierend. Das auf den Kopf gestellte\u00a0Motiv verdeutlicht\u00a0die emotionale Instabilit\u00e4t der Hauptdarstellerin &#8211; sie ignoriert und spielt gleichzeitig mit der Gefahr, in der sie sich befindet.\u00a0Die Kopfh\u00f6rer in den Ohren, scheint sie sich, v\u00f6llig in sich gekehrt, ihren Gef\u00fchlen hinzugeben.<\/p>\n<p>[\/vc_column_text][vc_separator align=&#8220;align_left&#8220;][vc_row_inner][vc_column_inner width=&#8220;1\/2&#8243;][vc_column_text]<span style=\"color: #000000;\"><strong>KUNDE<br \/>\n<\/strong><\/span>NFP\u00a0marketing &amp; distribution[\/vc_column_text][\/vc_column_inner][vc_column_inner width=&#8220;1\/2&#8243;][vc_column_text]<span style=\"color: #000000;\"><strong>ARTDIREKTION &amp; DESIGN<br \/>\n<\/strong><\/span>Peter Machat mit und als Kugelfisch[\/vc_column_text][\/vc_column_inner][\/vc_row_inner][\/vc_column][\/vc_row][vc_row css=&#8220;.vc_custom_1490030971991{margin-bottom: 10% !important;}&#8220;][vc_column width=&#8220;2\/3&#8243;][vc_single_image image=&#8220;2495&#8243; img_size=&#8220;full&#8220; alignment=&#8220;center&#8220;][\/vc_column][vc_column width=&#8220;1\/3&#8243;][\/vc_column][\/vc_row]<\/p>\n<\/div>","protected":false},"excerpt":{"rendered":"<p>[vc_row full_width=&#8220;stretch_row&#8220; parallax=&#8220;content-moving&#8220; parallax_image=&#8220;2466&#8243; css=&#8220;.vc_custom_1490029760261{padding-top: 30% !important;padding-bottom: 20% !important;}&#8220;][vc_column width=&#8220;1\/6&#8243;][\/vc_column][vc_column width=&#8220;4\/6&#8243;][vc_single_image image=&#8220;2465&#8243; img_size=&#8220;full&#8220; alignment=&#8220;center&#8220; css_animation=&#8220;fadeIn&#8220;][\/vc_column][vc_column width=&#8220;1\/6&#8243;][\/vc_column][\/vc_row][vc_row css=&#8220;.vc_custom_1490030944607{padding-top: 5% !important;padding-bottom: 3% !important;}&#8220;][vc_column width=&#8220;2\/3&#8243;][vc_row_inner][vc_column_inner][vc_single_image image=&#8220;2482&#8243; img_size=&#8220;full&#8220; alignment=&#8220;center&#8220; onclick=&#8220;link_image&#8220;][\/vc_column_inner][\/vc_row_inner][\/vc_column][vc_column width=&#8220;1\/3&#8243;][vc_custom_heading text=&#8220;DER LIEBESWUNSCH&#8220; font_container=&#8220;tag:h5|text_align:left&#8220; use_theme_fonts=&#8220;yes&#8220; css=&#8220;.vc_custom_1490008607473{padding-bottom: 20px !important;}&#8220;][vc_column_text] Plakat f\u00fcr den Kinofilm \u201eDer Liebeswunsch\u201f. Der Liebeswunsch\u00a0portr\u00e4tiert das Gef\u00fchlsleben der jungen Anja, die sich ihrem Wunsch nach Liebe\u00a0folgend, emotional immer &hellip; <a href=\"https:\/\/beta.petermachat.com\/de\/derliebeswunsch\/\" title=\"derliebeswunsch\" class=\"read-more\">Read More<\/a><\/p>\n","protected":false},"author":1,"featured_media":0,"parent":0,"menu_order":0,"comment_status":"closed","ping_status":"closed","template":"","meta":{"footnotes":""},"_links":{"self":[{"href":"https:\/\/beta.petermachat.com\/de\/wp-json\/wp\/v2\/pages\/2456"}],"collection":[{"href":"https:\/\/beta.petermachat.com\/de\/wp-json\/wp\/v2\/pages"}],"about":[{"href":"https:\/\/beta.petermachat.com\/de\/wp-json\/wp\/v2\/types\/page"}],"author":[{"embeddable":true,"href":"https:\/\/beta.petermachat.com\/de\/wp-json\/wp\/v2\/users\/1"}],"replies":[{"embeddable":true,"href":"https:\/\/beta.petermachat.com\/de\/wp-json\/wp\/v2\/comments?post=2456"}],"version-history":[{"count":15,"href":"https:\/\/beta.petermachat.com\/de\/wp-json\/wp\/v2\/pages\/2456\/revisions"}],"predecessor-version":[{"id":2819,"href":"https:\/\/beta.petermachat.com\/de\/wp-json\/wp\/v2\/pages\/2456\/revisions\/2819"}],"wp:attachment":[{"href":"https:\/\/beta.petermachat.com\/de\/wp-json\/wp\/v2\/media?parent=2456"}],"curies":[{"name":"wp","href":"https:\/\/api.w.org\/{rel}","templated":true}]}}