{"id":2487,"date":"2017-03-20T18:18:47","date_gmt":"2017-03-20T17:18:47","guid":{"rendered":"http:\/\/beta.petermachat.com\/?page_id=2487"},"modified":"2017-03-30T17:11:01","modified_gmt":"2017-03-30T16:11:01","slug":"dasliedinmir","status":"publish","type":"page","link":"https:\/\/beta.petermachat.com\/de\/dasliedinmir\/","title":{"rendered":"dasliedinmir"},"content":{"rendered":"<div class=\"wpb-content-wrapper\"><p>[vc_row full_width=&#8220;stretch_row&#8220; parallax=&#8220;content-moving&#8220; parallax_image=&#8220;2488&#8243; css=&#8220;.vc_custom_1490030464968{padding-top: 10% !important;padding-bottom: 10% !important;}&#8220;][vc_column width=&#8220;1\/3&#8243;][\/vc_column][vc_column width=&#8220;1\/3&#8243;][vc_single_image image=&#8220;2489&#8243; img_size=&#8220;full&#8220; alignment=&#8220;center&#8220; css_animation=&#8220;fadeIn&#8220;][\/vc_column][vc_column width=&#8220;1\/3&#8243;][\/vc_column][\/vc_row][vc_row css=&#8220;.vc_custom_1490779464260{margin-top: 5% !important;margin-bottom: 10% !important;}&#8220;][vc_column width=&#8220;2\/3&#8243;][vc_row_inner][vc_column_inner][vc_single_image image=&#8220;2490&#8243; img_size=&#8220;full&#8220; alignment=&#8220;center&#8220;][\/vc_column_inner][\/vc_row_inner][\/vc_column][vc_column width=&#8220;1\/3&#8243;][vc_custom_heading text=&#8220;FESTIVALPLAKAT&#8220; font_container=&#8220;tag:h5|text_align:left&#8220; use_theme_fonts=&#8220;yes&#8220; css=&#8220;.vc_custom_1490890205236{padding-bottom: 20px !important;}&#8220;][vc_column_text]<\/p>\n<p class=\"p1\">Gestaltung des Festivalplakats, einer Anzeige, des Kinoplakats und der DVD f\u00fcr den Film \u201eDas Lied in mir\u201f.<\/p>\n<p class=\"p1\">Auf einem Zwischenstopp in Buenos Aires erkennt die 31 j\u00e4hrige Maria ein Kinderlied wieder. Sie erkennt nicht nur die Melodie, sondern, obwohl sie kein Spanisch spricht, auch die Worte des spanischen Textes. Sie verpasst ihren Flug und erf\u00e4hrt nach und nach, dass ihre Eltern nicht nur nicht ihre leiblichen Eltern sind, sondern dass sie sie als Kind von dort entf\u00fchrten. Das Festivalplakat zeigt die zweigeteilte Welt der Maria. Die eine Seite zeigt Buenos Aires &#8211; die andere blo\u00dfe Fragmente und weiten blauen Himmel. Maria selber blickt hinaus, auf die Stadt und auf die Leere.<\/p>\n<p>[\/vc_column_text][vc_separator align=&#8220;align_left&#8220;][vc_row_inner][vc_column_inner width=&#8220;1\/3&#8243;][vc_column_text]<span style=\"color: #000000;\"><strong>KUNDE<br \/>\n<\/strong><\/span>Schwarz-Weiss Filmverleih[\/vc_column_text][\/vc_column_inner][vc_column_inner width=&#8220;1\/3&#8243;][vc_column_text]<span style=\"color: #000000;\"><strong>AGENTUR<br \/>\n<\/strong><\/span>10hoch16[\/vc_column_text][\/vc_column_inner][vc_column_inner width=&#8220;1\/3&#8243;][vc_column_text]<span style=\"color: #000000;\"><strong>ARTDIREKTION &amp; DESIGN<br \/>\n<\/strong><\/span>Peter Machat[\/vc_column_text][\/vc_column_inner][\/vc_row_inner][\/vc_column][\/vc_row][vc_row css=&#8220;.vc_custom_1490032616464{margin-bottom: 10% !important;}&#8220;][vc_column width=&#8220;2\/3&#8243;][vc_single_image image=&#8220;2491&#8243; img_size=&#8220;full&#8220; alignment=&#8220;center&#8220;][vc_row_inner][vc_column_inner width=&#8220;1\/2&#8243;][vc_single_image image=&#8220;2500&#8243; img_size=&#8220;full&#8220; alignment=&#8220;center&#8220;][\/vc_column_inner][vc_column_inner width=&#8220;1\/2&#8243;][vc_single_image image=&#8220;2504&#8243; img_size=&#8220;full&#8220; alignment=&#8220;center&#8220;][\/vc_column_inner][\/vc_row_inner][\/vc_column][vc_column width=&#8220;1\/3&#8243;][vc_custom_heading text=&#8220;KINOPLAKAT&#8220; font_container=&#8220;tag:h5|text_align:left&#8220; use_theme_fonts=&#8220;yes&#8220; css=&#8220;.vc_custom_1490890214135{padding-bottom: 20px !important;}&#8220;][vc_column_text]Das Kinoplakat erzeugt die befremdliche Stimmung, die auch im Gro\u00dfteil des Films vorherrscht. Maria, die Hauptdarstellerin, sp\u00fcrt, dass etwas nicht stimmt, ohne die Stadt in ihrem R\u00fccken zu sehen. Ihr \u00bbAdoptiv\u00ab Vater dr\u00e4ngt\u00a0sich beruhigend zwischen sie und den Betrachter ohne diesen aus dem\u00a0Augenwinkel\u00a0zu verlieren.[\/vc_column_text][\/vc_column][\/vc_row]<\/p>\n<\/div>","protected":false},"excerpt":{"rendered":"<p>[vc_row full_width=&#8220;stretch_row&#8220; parallax=&#8220;content-moving&#8220; parallax_image=&#8220;2488&#8243; css=&#8220;.vc_custom_1490030464968{padding-top: 10% !important;padding-bottom: 10% !important;}&#8220;][vc_column width=&#8220;1\/3&#8243;][\/vc_column][vc_column width=&#8220;1\/3&#8243;][vc_single_image image=&#8220;2489&#8243; img_size=&#8220;full&#8220; alignment=&#8220;center&#8220; css_animation=&#8220;fadeIn&#8220;][\/vc_column][vc_column width=&#8220;1\/3&#8243;][\/vc_column][\/vc_row][vc_row css=&#8220;.vc_custom_1490779464260{margin-top: 5% !important;margin-bottom: 10% !important;}&#8220;][vc_column width=&#8220;2\/3&#8243;][vc_row_inner][vc_column_inner][vc_single_image image=&#8220;2490&#8243; img_size=&#8220;full&#8220; alignment=&#8220;center&#8220;][\/vc_column_inner][\/vc_row_inner][\/vc_column][vc_column width=&#8220;1\/3&#8243;][vc_custom_heading text=&#8220;FESTIVALPLAKAT&#8220; font_container=&#8220;tag:h5|text_align:left&#8220; use_theme_fonts=&#8220;yes&#8220; css=&#8220;.vc_custom_1490890205236{padding-bottom: 20px !important;}&#8220;][vc_column_text] Gestaltung des Festivalplakats, einer Anzeige, des Kinoplakats und der DVD f\u00fcr den Film \u201eDas Lied in mir\u201f. Auf einem Zwischenstopp in Buenos Aires &hellip; <a href=\"https:\/\/beta.petermachat.com\/de\/dasliedinmir\/\" title=\"dasliedinmir\" class=\"read-more\">Read More<\/a><\/p>\n","protected":false},"author":1,"featured_media":0,"parent":0,"menu_order":0,"comment_status":"closed","ping_status":"closed","template":"","meta":{"footnotes":""},"_links":{"self":[{"href":"https:\/\/beta.petermachat.com\/de\/wp-json\/wp\/v2\/pages\/2487"}],"collection":[{"href":"https:\/\/beta.petermachat.com\/de\/wp-json\/wp\/v2\/pages"}],"about":[{"href":"https:\/\/beta.petermachat.com\/de\/wp-json\/wp\/v2\/types\/page"}],"author":[{"embeddable":true,"href":"https:\/\/beta.petermachat.com\/de\/wp-json\/wp\/v2\/users\/1"}],"replies":[{"embeddable":true,"href":"https:\/\/beta.petermachat.com\/de\/wp-json\/wp\/v2\/comments?post=2487"}],"version-history":[{"count":13,"href":"https:\/\/beta.petermachat.com\/de\/wp-json\/wp\/v2\/pages\/2487\/revisions"}],"predecessor-version":[{"id":2975,"href":"https:\/\/beta.petermachat.com\/de\/wp-json\/wp\/v2\/pages\/2487\/revisions\/2975"}],"wp:attachment":[{"href":"https:\/\/beta.petermachat.com\/de\/wp-json\/wp\/v2\/media?parent=2487"}],"curies":[{"name":"wp","href":"https:\/\/api.w.org\/{rel}","templated":true}]}}