{"id":2557,"date":"2017-03-21T18:50:49","date_gmt":"2017-03-21T17:50:49","guid":{"rendered":"http:\/\/beta.petermachat.com\/?page_id=2557"},"modified":"2018-02-05T12:37:54","modified_gmt":"2018-02-05T11:37:54","slug":"tdh","status":"publish","type":"page","link":"https:\/\/beta.petermachat.com\/de\/tdh\/","title":{"rendered":"tdh"},"content":{"rendered":"<div class=\"wpb-content-wrapper\"><p>[vc_row full_width=&#8220;stretch_row&#8220; parallax=&#8220;content-moving&#8220; parallax_image=&#8220;2615&#8243; css=&#8220;.vc_custom_1490279152721{padding-top: 50% !important;padding-bottom: 20% !important;}&#8220;][vc_column][\/vc_column][\/vc_row][vc_row][vc_column][\/vc_column][\/vc_row][vc_row css=&#8220;.vc_custom_1490209037108{margin-top: 4% !important;}&#8220;][vc_column width=&#8220;2\/3&#8243;][vc_single_image image=&#8220;2616&#8243; img_size=&#8220;full&#8220; alignment=&#8220;center&#8220;][vc_single_image image=&#8220;2567&#8243; img_size=&#8220;full&#8220; alignment=&#8220;center&#8220;][\/vc_column][vc_column width=&#8220;1\/3&#8243;][vc_custom_heading text=&#8220;FACEBOOK Kampagne f\u00fcr<br \/>\nterre des hommes&#8220; font_container=&#8220;tag:h5|text_align:left&#8220; use_theme_fonts=&#8220;yes&#8220; css=&#8220;.vc_custom_1490210496984{padding-bottom: 20px !important;}&#8220;][vc_column_text]<\/p>\n<p class=\"p1\">5000 Menschen erz\u00e4hlen gemeinsam eine Geschichte!<\/p>\n<p>\u201eTerre des hommes\u201f w\u00fcnschte sich online auf ihre aktuelle Kampagne zu \u00f6kologischen Kinderrechten aufmerksam zu machen. Neben vertrauten Kan\u00e4len wie Direktmarketing via Brief und klassischen Print-Kampagnen, sollte nun vor allem ein j\u00fcngeres und internetafines Publikum angesprochen werden.<\/p>\n<p>Wir entschieden uns dagegen Menschen auf eine klassische Webseite zu f\u00fchren, auf welcher sie dann passiv Inhalte konsumieren w\u00fcrden. Stattdessen holten wir sie ab, wo sie waren \u2014 auf facebook. In 5000 Bildern erz\u00e4hlten wir die Geschichte eines kleinen Bergdorfes in S\u00fcdamerika, welches an den Folgen massiver Umweltverschmutzung und dem Missbrauch von Pestiziden leidet. Jeder neue facebook \u201eLike\u201f schaltete eine neues Bild frei und f\u00fchrte den Kampf des Bergdorfes gegen die Pestizide fort. Nebenbei informierten Statusmeldungen \u00fcber das aktuelle Geschehen und involvierten unsere neuen Fans in unser Thema.<\/p>\n<p>Am Ende der Kampagne hatte \u201eterre des hommes\u201f nicht nur 5000 neue und gut informierte Fans gewonnen \u2014 sondern hatte sich mit einem neuen Kanal die T\u00fcre zum Internet ge\u00f6ffnet.[\/vc_column_text][vc_separator align=&#8220;align_left&#8220;][vc_row_inner][vc_column_inner][vc_column_text]<span style=\"color: #000000;\"><strong>KUNDE<br \/>\n<\/strong><\/span>terre des hommes<\/p>\n<p><span style=\"color: #000000;\"><strong>AGENTUR<br \/>\n<\/strong><\/span>nest<\/p>\n<p><span style=\"color: #000000;\"><strong>PROJEKTLEITUNG, ART DIREKTION, ILLUSTRATION &amp; STORYTELLING<br \/>\n<\/strong><\/span>Peter Machat mit und als 10hoch16<\/p>\n<p><span style=\"color: #000000;\"><strong>MODELING &amp; ANIMATION<br \/>\n<\/strong><\/span>Johannes Ziebandt, Peter Machat<\/p>\n<p><span style=\"color: #000000;\"><strong>SCREENDESIGN<br \/>\n<\/strong><\/span>10hoch16, Donovan Ludwig, Peter Machat[\/vc_column_text][\/vc_column_inner][\/vc_row_inner][\/vc_column][\/vc_row][vc_row css=&#8220;.vc_custom_1490209097941{margin-top: 3% !important;margin-bottom: 10% !important;}&#8220;][vc_column width=&#8220;2\/3&#8243;][vc_column_text]<\/p>\n<p><iframe loading=\"lazy\" width=\"533\" height=\"400\" src=\"https:\/\/www.youtube.com\/embed\/zd-wPqQLCmk?feature=oembed\" frameborder=\"0\" allow=\"autoplay; encrypted-media\" allowfullscreen><\/iframe><\/p>\n<p>[\/vc_column_text][\/vc_column][vc_column width=&#8220;1\/3&#8243;][\/vc_column][\/vc_row]<\/p>\n<\/div>","protected":false},"excerpt":{"rendered":"<p>[vc_row full_width=&#8220;stretch_row&#8220; parallax=&#8220;content-moving&#8220; parallax_image=&#8220;2615&#8243; css=&#8220;.vc_custom_1490279152721{padding-top: 50% !important;padding-bottom: 20% !important;}&#8220;][vc_column][\/vc_column][\/vc_row][vc_row][vc_column][\/vc_column][\/vc_row][vc_row css=&#8220;.vc_custom_1490209037108{margin-top: 4% !important;}&#8220;][vc_column width=&#8220;2\/3&#8243;][vc_single_image image=&#8220;2616&#8243; img_size=&#8220;full&#8220; alignment=&#8220;center&#8220;][vc_single_image image=&#8220;2567&#8243; img_size=&#8220;full&#8220; alignment=&#8220;center&#8220;][\/vc_column][vc_column width=&#8220;1\/3&#8243;][vc_custom_heading text=&#8220;FACEBOOK Kampagne f\u00fcr terre des hommes&#8220; font_container=&#8220;tag:h5|text_align:left&#8220; use_theme_fonts=&#8220;yes&#8220; css=&#8220;.vc_custom_1490210496984{padding-bottom: 20px !important;}&#8220;][vc_column_text] 5000 Menschen erz\u00e4hlen gemeinsam eine Geschichte! \u201eTerre des hommes\u201f w\u00fcnschte sich online auf ihre aktuelle Kampagne zu \u00f6kologischen Kinderrechten aufmerksam zu machen. Neben vertrauten &hellip; <a href=\"https:\/\/beta.petermachat.com\/de\/tdh\/\" title=\"tdh\" class=\"read-more\">Read More<\/a><\/p>\n","protected":false},"author":1,"featured_media":0,"parent":0,"menu_order":0,"comment_status":"closed","ping_status":"closed","template":"","meta":{"footnotes":""},"_links":{"self":[{"href":"https:\/\/beta.petermachat.com\/de\/wp-json\/wp\/v2\/pages\/2557"}],"collection":[{"href":"https:\/\/beta.petermachat.com\/de\/wp-json\/wp\/v2\/pages"}],"about":[{"href":"https:\/\/beta.petermachat.com\/de\/wp-json\/wp\/v2\/types\/page"}],"author":[{"embeddable":true,"href":"https:\/\/beta.petermachat.com\/de\/wp-json\/wp\/v2\/users\/1"}],"replies":[{"embeddable":true,"href":"https:\/\/beta.petermachat.com\/de\/wp-json\/wp\/v2\/comments?post=2557"}],"version-history":[{"count":17,"href":"https:\/\/beta.petermachat.com\/de\/wp-json\/wp\/v2\/pages\/2557\/revisions"}],"predecessor-version":[{"id":2595,"href":"https:\/\/beta.petermachat.com\/de\/wp-json\/wp\/v2\/pages\/2557\/revisions\/2595"}],"wp:attachment":[{"href":"https:\/\/beta.petermachat.com\/de\/wp-json\/wp\/v2\/media?parent=2557"}],"curies":[{"name":"wp","href":"https:\/\/api.w.org\/{rel}","templated":true}]}}