{"id":2711,"date":"2017-03-27T16:35:20","date_gmt":"2017-03-27T15:35:20","guid":{"rendered":"http:\/\/beta.petermachat.com\/?page_id=2711"},"modified":"2020-04-22T14:49:36","modified_gmt":"2020-04-22T13:49:36","slug":"kingofkarts","status":"publish","type":"page","link":"https:\/\/beta.petermachat.com\/de\/kingofkarts\/","title":{"rendered":"kingofkarts"},"content":{"rendered":"<div class=\"wpb-content-wrapper\"><p>[vc_row full_width=&#8220;stretch_row&#8220; content_placement=&#8220;middle&#8220; parallax=&#8220;content-moving&#8220; parallax_image=&#8220;2798&#8243; css=&#8220;.vc_custom_1587563359741{padding-top: 40% !important;padding-bottom: 40% !important;}&#8220;][vc_column width=&#8220;1\/6&#8243;][\/vc_column][vc_column width=&#8220;3\/6&#8243;][\/vc_column][vc_column width=&#8220;2\/6&#8243;][\/vc_column][\/vc_row][vc_row css=&#8220;.vc_custom_1490789954568{margin-top: 2% !important;margin-bottom: 3% !important;}&#8220;][vc_column][vc_single_image image=&#8220;2803&#8243; img_size=&#8220;600&#215;152&#8243; alignment=&#8220;center&#8220;][\/vc_column][\/vc_row][vc_row css=&#8220;.vc_custom_1490640067246{margin-bottom: 10% !important;}&#8220;][vc_column width=&#8220;2\/3&#8243;][vc_row_inner][vc_column_inner][vc_single_image image=&#8220;2896&#8243; img_size=&#8220;full&#8220; alignment=&#8220;center&#8220;][vc_single_image image=&#8220;2742&#8243; img_size=&#8220;full&#8220; alignment=&#8220;center&#8220; css=&#8220;.vc_custom_1490639159526{margin-top: -5% !important;}&#8220;][vc_empty_space height=&#8220;70px&#8220;][vc_single_image image=&#8220;2898&#8243; img_size=&#8220;full&#8220; alignment=&#8220;center&#8220;][vc_single_image image=&#8220;2741&#8243; img_size=&#8220;full&#8220; alignment=&#8220;center&#8220; css=&#8220;.vc_custom_1490639168847{margin-top: -5% !important;}&#8220;][\/vc_column_inner][\/vc_row_inner][vc_empty_space height=&#8220;70px&#8220;][vc_single_image image=&#8220;2726&#8243; img_size=&#8220;400&#215;420&#8243; alignment=&#8220;center&#8220; css_animation=&#8220;none&#8220;][\/vc_column][vc_column width=&#8220;1\/3&#8243;][vc_custom_heading text=&#8220;KING OF KARTS&#8220; font_container=&#8220;tag:h5|text_align:left&#8220; use_theme_fonts=&#8220;yes&#8220; css=&#8220;.vc_custom_1490640244502{padding-bottom: 20px !important;}&#8220;][vc_column_text]Bist Du ein Draufg\u00e4nger?<\/p>\n<p>KING OF KARTS ist ein Multiplayer Rennspiel, dass sich auch Cross Plattform, d.h. von Apple zu Android etc. spielen l\u00e4sst. Es gibt 6 Rennfahrer, die jeweils eine eigene Welt mit 4 Rennstrecken haben.<\/p>\n<p>CLAIRE, das M\u00e4dchen mit den Z\u00f6pfen, ist eine Draufg\u00e4ngerin. Sie ist sehr lebendig und k\u00e4mpft sich aktiv nach vorn.<br \/>\nBEN, der Junge mit dem Baseball Cap, ist ziemlich l\u00e4ssig, neigt jedoch dazu, sich zu \u00fcbersch\u00e4tzen. Er ist \u00fcberrascht, wenn er verliert.<br \/>\nPITA, eine kleine Prinzessin, ist quirlig und lustig. Ihr macht alles Spa\u00df &#8211; selbst wenn sie angerempelt wird, findet sie es eher lustig und toll dabei zu sein.<br \/>\nMIGO, das gro\u00dfe Monster, ist\u00a0ruhig, h\u00f6flich und stark. Er ruht in sich. Wird er angerempelt gibt er ein \u00bballes gut, nichts passiert\u00ab von sich.<br \/>\nION, der Roboter, ist clever und gewitzt. Er ist manchmal ein wenig \u00fcbereifrig. Wird er angerempelt, spornt ihn dies umso mehr an.<br \/>\nBABOO, der Panda, ist\u00a0tollpatschig\u00a0und neigt zur Kurzatmigkeit. Wird er angerempelt, seufzt er und schaut hilflos drein.[\/vc_column_text][vc_separator align=&#8220;align_left&#8220;][vc_row_inner][vc_column_inner width=&#8220;1\/2&#8243;][vc_column_text]<span style=\"color: #000000;\"><strong>KUNDE<br \/>\n<\/strong><\/span>wonderkind<\/p>\n<p><span style=\"color: #000000;\"><strong>iTUNES<br \/>\n<a href=\"https:\/\/itunes.apple.com\/app\/id997002798?mt=8\" target=\"_blank\" rel=\"noopener noreferrer\">kingofkarts<\/a><br \/>\n<\/strong><\/span>[\/vc_column_text][\/vc_column_inner][vc_column_inner width=&#8220;1\/2&#8243;][vc_column_text]<span style=\"color: #000000;\"><strong>ART DIREKTION, GRAFIKDESIGN, INTERFACE DESIGN, ILLUSTRATION, CHARACTER- &amp; KART DESIGN<br \/>\n<\/strong><\/span>Peter Machat[\/vc_column_text][\/vc_column_inner][\/vc_row_inner][\/vc_column][\/vc_row]<\/p>\n<\/div>","protected":false},"excerpt":{"rendered":"<p>[vc_row full_width=&#8220;stretch_row&#8220; content_placement=&#8220;middle&#8220; parallax=&#8220;content-moving&#8220; parallax_image=&#8220;2798&#8243; css=&#8220;.vc_custom_1587563359741{padding-top: 40% !important;padding-bottom: 40% !important;}&#8220;][vc_column width=&#8220;1\/6&#8243;][\/vc_column][vc_column width=&#8220;3\/6&#8243;][\/vc_column][vc_column width=&#8220;2\/6&#8243;][\/vc_column][\/vc_row][vc_row css=&#8220;.vc_custom_1490789954568{margin-top: 2% !important;margin-bottom: 3% !important;}&#8220;][vc_column][vc_single_image image=&#8220;2803&#8243; img_size=&#8220;600&#215;152&#8243; alignment=&#8220;center&#8220;][\/vc_column][\/vc_row][vc_row css=&#8220;.vc_custom_1490640067246{margin-bottom: 10% !important;}&#8220;][vc_column width=&#8220;2\/3&#8243;][vc_row_inner][vc_column_inner][vc_single_image image=&#8220;2896&#8243; img_size=&#8220;full&#8220; alignment=&#8220;center&#8220;][vc_single_image image=&#8220;2742&#8243; img_size=&#8220;full&#8220; alignment=&#8220;center&#8220; css=&#8220;.vc_custom_1490639159526{margin-top: -5% !important;}&#8220;][vc_empty_space height=&#8220;70px&#8220;][vc_single_image image=&#8220;2898&#8243; img_size=&#8220;full&#8220; alignment=&#8220;center&#8220;][vc_single_image image=&#8220;2741&#8243; img_size=&#8220;full&#8220; alignment=&#8220;center&#8220; css=&#8220;.vc_custom_1490639168847{margin-top: -5% !important;}&#8220;][\/vc_column_inner][\/vc_row_inner][vc_empty_space height=&#8220;70px&#8220;][vc_single_image image=&#8220;2726&#8243; img_size=&#8220;400&#215;420&#8243; alignment=&#8220;center&#8220; css_animation=&#8220;none&#8220;][\/vc_column][vc_column width=&#8220;1\/3&#8243;][vc_custom_heading text=&#8220;KING OF KARTS&#8220; font_container=&#8220;tag:h5|text_align:left&#8220; use_theme_fonts=&#8220;yes&#8220; &hellip; <a href=\"https:\/\/beta.petermachat.com\/de\/kingofkarts\/\" title=\"kingofkarts\" class=\"read-more\">Read More<\/a><\/p>\n","protected":false},"author":1,"featured_media":0,"parent":0,"menu_order":0,"comment_status":"closed","ping_status":"closed","template":"","meta":{"footnotes":""},"_links":{"self":[{"href":"https:\/\/beta.petermachat.com\/de\/wp-json\/wp\/v2\/pages\/2711"}],"collection":[{"href":"https:\/\/beta.petermachat.com\/de\/wp-json\/wp\/v2\/pages"}],"about":[{"href":"https:\/\/beta.petermachat.com\/de\/wp-json\/wp\/v2\/types\/page"}],"author":[{"embeddable":true,"href":"https:\/\/beta.petermachat.com\/de\/wp-json\/wp\/v2\/users\/1"}],"replies":[{"embeddable":true,"href":"https:\/\/beta.petermachat.com\/de\/wp-json\/wp\/v2\/comments?post=2711"}],"version-history":[{"count":33,"href":"https:\/\/beta.petermachat.com\/de\/wp-json\/wp\/v2\/pages\/2711\/revisions"}],"predecessor-version":[{"id":3631,"href":"https:\/\/beta.petermachat.com\/de\/wp-json\/wp\/v2\/pages\/2711\/revisions\/3631"}],"wp:attachment":[{"href":"https:\/\/beta.petermachat.com\/de\/wp-json\/wp\/v2\/media?parent=2711"}],"curies":[{"name":"wp","href":"https:\/\/api.w.org\/{rel}","templated":true}]}}