{"id":3011,"date":"2017-05-03T14:48:42","date_gmt":"2017-05-03T13:48:42","guid":{"rendered":"http:\/\/petermachat.com\/?page_id=3011"},"modified":"2017-05-03T21:13:41","modified_gmt":"2017-05-03T20:13:41","slug":"amnestyinternational","status":"publish","type":"page","link":"https:\/\/beta.petermachat.com\/de\/amnestyinternational\/","title":{"rendered":"amnestyinternational"},"content":{"rendered":"<div class=\"wpb-content-wrapper\"><p>[vc_row full_width=&#8220;stretch_row&#8220; parallax=&#8220;content-moving&#8220; parallax_image=&#8220;3038&#8243; css=&#8220;.vc_custom_1493825170017{padding-top: 20% !important;padding-bottom: 20% !important;}&#8220;][vc_column][vc_single_image image=&#8220;3044&#8243; img_size=&#8220;full&#8220; alignment=&#8220;center&#8220;][\/vc_column][\/vc_row][vc_row][vc_column width=&#8220;2\/3&#8243;][\/vc_column][vc_column width=&#8220;1\/3&#8243;][\/vc_column][\/vc_row][vc_row css=&#8220;.vc_custom_1493821811021{margin-top: 4% !important;margin-bottom: 15% !important;}&#8220;][vc_column width=&#8220;2\/3&#8243;][vc_single_image image=&#8220;3019&#8243; img_size=&#8220;full&#8220; alignment=&#8220;center&#8220;][vc_single_image image=&#8220;3028&#8243; img_size=&#8220;full&#8220; alignment=&#8220;center&#8220;][vc_row_inner][vc_column_inner width=&#8220;1\/2&#8243;][vc_single_image image=&#8220;3025&#8243; img_size=&#8220;full&#8220; alignment=&#8220;center&#8220;][\/vc_column_inner][vc_column_inner width=&#8220;1\/2&#8243;][vc_single_image image=&#8220;3026&#8243; img_size=&#8220;full&#8220; alignment=&#8220;center&#8220;][\/vc_column_inner][\/vc_row_inner][vc_single_image image=&#8220;3021&#8243; img_size=&#8220;full&#8220; alignment=&#8220;center&#8220;][vc_single_image image=&#8220;3027&#8243; img_size=&#8220;full&#8220; alignment=&#8220;center&#8220;][\/vc_column][vc_column width=&#8220;1\/3&#8243;][vc_custom_heading text=&#8220;AMNESTY MOBIL<br \/>\nVier R\u00e4der f\u00fcr die Menschenrechte&#8220; font_container=&#8220;tag:h5|text_align:left&#8220; use_theme_fonts=&#8220;yes&#8220; css=&#8220;.vc_custom_1493819740141{padding-bottom: 20px !important;}&#8220;][vc_column_text]Interieur &amp; Exterieur Design des \u201eAmnesty Mobils\u201f f\u00fcr \u201eAmnesty International\u201f Deutschland\u00a0\u00a0GmbH<\/p>\n<p>\u201eAmnesty International\u201f brauchte ein Mobil zur Unterst\u00fctzung seiner deutschlandweiten T\u00e4tigkeiten. In enger Zusammenarbeit mit \u201eAmnesty International\u201f entwickelten wir ein umfassendes Nutzungskonzept. Das \u201eAmnesty Mobil\u201f sollte \u00e4u\u00dferst professionell, jedoch nicht verschwenderisch sein \u2014 ein funktionales Mobil mit dem Charme eines selbstausgebauten VW Busses. Es sollte die Seele eines Aktivisten haben, der sich auf das wesentliche Konzentriert und seine Kraft auf das erreichen seiner Ziele richtet.<\/p>\n<p>Die L\u00f6sung war die komplette Umgestaltung eines alten BVG Doppeldeckers. Der Bus wurde komplett entkernt, aufgemessen, ausgebaut und umgestaltet. Der Bus beinhaltet eine kleine Kaffee- und Teek\u00fcche und mehrere Touchscreen Infopoints. Er ist grundlegend multifunktional gestaltet und ist Galerie, Treffpunkt und B\u00fchne in einem. Er bietet eine gro\u00dfz\u00fcgige Ausstellungsfl\u00e4che und gen\u00fcgend Raum zum Zusammenkommen und sich austauschen.<\/p>\n<p>Bildmaterial: Amnesty International, Nest, Peter Machat[\/vc_column_text][vc_separator align=&#8220;align_left&#8220;][vc_row_inner][vc_column_inner][vc_column_text]<span style=\"color: #000000;\"><strong>KUNDE<br \/>\n<\/strong><\/span>Amnesty International<\/p>\n<p><span style=\"color: #000000;\"><strong>AGENTUR<br \/>\n<\/strong><\/span>nest<\/p>\n<p><span style=\"color: #000000;\"><strong>ART DIREKTION\u00a0&amp; DESIGN<br \/>\n<\/strong><\/span>Peter Machat mit und als 10hoch16<\/p>\n<p><span style=\"color: #000000;\"><strong>LICHTKONZEPT<br \/>\n<\/strong><\/span>Manfred Kiepe<\/p>\n<p><span style=\"color: #000000;\"><strong>BAU\u00a0&amp; KONSTRUKTION<br \/>\n<\/strong><\/span>Pokra Omnibus-Team und Werkstatt GmbH[\/vc_column_text][\/vc_column_inner][\/vc_row_inner][\/vc_column][\/vc_row]<\/p>\n<\/div>","protected":false},"excerpt":{"rendered":"<p>[vc_row full_width=&#8220;stretch_row&#8220; parallax=&#8220;content-moving&#8220; parallax_image=&#8220;3038&#8243; css=&#8220;.vc_custom_1493825170017{padding-top: 20% !important;padding-bottom: 20% !important;}&#8220;][vc_column][vc_single_image image=&#8220;3044&#8243; img_size=&#8220;full&#8220; alignment=&#8220;center&#8220;][\/vc_column][\/vc_row][vc_row][vc_column width=&#8220;2\/3&#8243;][\/vc_column][vc_column width=&#8220;1\/3&#8243;][\/vc_column][\/vc_row][vc_row css=&#8220;.vc_custom_1493821811021{margin-top: 4% !important;margin-bottom: 15% !important;}&#8220;][vc_column width=&#8220;2\/3&#8243;][vc_single_image image=&#8220;3019&#8243; img_size=&#8220;full&#8220; alignment=&#8220;center&#8220;][vc_single_image image=&#8220;3028&#8243; img_size=&#8220;full&#8220; alignment=&#8220;center&#8220;][vc_row_inner][vc_column_inner width=&#8220;1\/2&#8243;][vc_single_image image=&#8220;3025&#8243; img_size=&#8220;full&#8220; alignment=&#8220;center&#8220;][\/vc_column_inner][vc_column_inner width=&#8220;1\/2&#8243;][vc_single_image image=&#8220;3026&#8243; img_size=&#8220;full&#8220; alignment=&#8220;center&#8220;][\/vc_column_inner][\/vc_row_inner][vc_single_image image=&#8220;3021&#8243; img_size=&#8220;full&#8220; alignment=&#8220;center&#8220;][vc_single_image image=&#8220;3027&#8243; img_size=&#8220;full&#8220; alignment=&#8220;center&#8220;][\/vc_column][vc_column width=&#8220;1\/3&#8243;][vc_custom_heading text=&#8220;AMNESTY MOBIL Vier R\u00e4der f\u00fcr die Menschenrechte&#8220; font_container=&#8220;tag:h5|text_align:left&#8220; use_theme_fonts=&#8220;yes&#8220; css=&#8220;.vc_custom_1493819740141{padding-bottom: 20px !important;}&#8220;][vc_column_text]Interieur &amp; Exterieur &hellip; <a href=\"https:\/\/beta.petermachat.com\/de\/amnestyinternational\/\" title=\"amnestyinternational\" class=\"read-more\">Read More<\/a><\/p>\n","protected":false},"author":1,"featured_media":0,"parent":0,"menu_order":0,"comment_status":"closed","ping_status":"closed","template":"","meta":{"footnotes":""},"_links":{"self":[{"href":"https:\/\/beta.petermachat.com\/de\/wp-json\/wp\/v2\/pages\/3011"}],"collection":[{"href":"https:\/\/beta.petermachat.com\/de\/wp-json\/wp\/v2\/pages"}],"about":[{"href":"https:\/\/beta.petermachat.com\/de\/wp-json\/wp\/v2\/types\/page"}],"author":[{"embeddable":true,"href":"https:\/\/beta.petermachat.com\/de\/wp-json\/wp\/v2\/users\/1"}],"replies":[{"embeddable":true,"href":"https:\/\/beta.petermachat.com\/de\/wp-json\/wp\/v2\/comments?post=3011"}],"version-history":[{"count":14,"href":"https:\/\/beta.petermachat.com\/de\/wp-json\/wp\/v2\/pages\/3011\/revisions"}],"predecessor-version":[{"id":3047,"href":"https:\/\/beta.petermachat.com\/de\/wp-json\/wp\/v2\/pages\/3011\/revisions\/3047"}],"wp:attachment":[{"href":"https:\/\/beta.petermachat.com\/de\/wp-json\/wp\/v2\/media?parent=3011"}],"curies":[{"name":"wp","href":"https:\/\/api.w.org\/{rel}","templated":true}]}}