{"id":3052,"date":"2017-05-03T21:26:57","date_gmt":"2017-05-03T20:26:57","guid":{"rendered":"http:\/\/petermachat.com\/?page_id=3052"},"modified":"2017-05-04T12:23:09","modified_gmt":"2017-05-04T11:23:09","slug":"rps","status":"publish","type":"page","link":"https:\/\/beta.petermachat.com\/de\/rps\/","title":{"rendered":"rps"},"content":{"rendered":"<div class=\"wpb-content-wrapper\"><p>[vc_row full_width=&#8220;stretch_row&#8220; parallax=&#8220;content-moving&#8220; parallax_image=&#8220;3050&#8243; css=&#8220;.vc_custom_1493876406051{padding-top: 25% !important;padding-bottom: 3% !important;}&#8220;][vc_column width=&#8220;1\/4&#8243;][\/vc_column][vc_column width=&#8220;1\/2&#8243; css=&#8220;.vc_custom_1493876529126{padding-top: 45% !important;padding-bottom: 2% !important;}&#8220;][vc_single_image image=&#8220;3051&#8243; img_size=&#8220;468&#215;126&#8243; alignment=&#8220;center&#8220; css_animation=&#8220;fadeIn&#8220;][\/vc_column][vc_column width=&#8220;1\/4&#8243;][\/vc_column][\/vc_row][vc_row][vc_column width=&#8220;1\/4&#8243;][\/vc_column][vc_column width=&#8220;1\/2&#8243;][\/vc_column][vc_column width=&#8220;1\/4&#8243;][\/vc_column][\/vc_row][vc_row css=&#8220;.vc_custom_1490115989120{margin-top: 4% !important;margin-bottom: 10% !important;}&#8220;][vc_column width=&#8220;2\/3&#8243;][vc_row_inner][vc_column_inner width=&#8220;1\/3&#8243;][vc_single_image image=&#8220;3065&#8243; img_size=&#8220;full&#8220; alignment=&#8220;center&#8220;][\/vc_column_inner][vc_column_inner width=&#8220;1\/3&#8243;][vc_single_image image=&#8220;3073&#8243; img_size=&#8220;full&#8220; alignment=&#8220;center&#8220;][\/vc_column_inner][vc_column_inner width=&#8220;1\/3&#8243;][vc_single_image image=&#8220;3067&#8243; img_size=&#8220;full&#8220; alignment=&#8220;center&#8220;][\/vc_column_inner][\/vc_row_inner][vc_row_inner][vc_column_inner][vc_single_image image=&#8220;3078&#8243; img_size=&#8220;full&#8220; alignment=&#8220;center&#8220;][\/vc_column_inner][\/vc_row_inner][vc_row_inner][vc_column_inner][vc_single_image image=&#8220;3079&#8243; img_size=&#8220;full&#8220; alignment=&#8220;center&#8220;][\/vc_column_inner][\/vc_row_inner][vc_empty_space height=&#8220;64px&#8220;][vc_single_image image=&#8220;3080&#8243; img_size=&#8220;full&#8220; alignment=&#8220;center&#8220;][vc_row_inner][vc_column_inner][vc_single_image image=&#8220;3075&#8243; img_size=&#8220;full&#8220; alignment=&#8220;center&#8220; css=&#8220;.vc_custom_1493895543352{margin-bottom: 5% !important;}&#8220;][vc_single_image image=&#8220;3076&#8243; img_size=&#8220;full&#8220; alignment=&#8220;center&#8220; css=&#8220;.vc_custom_1493895538372{margin-bottom: 5% !important;}&#8220;][vc_single_image image=&#8220;3077&#8243; img_size=&#8220;full&#8220; alignment=&#8220;center&#8220; css=&#8220;.vc_custom_1493895532432{margin-bottom: 5% !important;}&#8220;][\/vc_column_inner][\/vc_row_inner][\/vc_column][vc_column width=&#8220;1\/3&#8243;][vc_custom_heading text=&#8220;Pick your champion!&#8220; font_container=&#8220;tag:h5|text_align:left&#8220; use_theme_fonts=&#8220;yes&#8220; css=&#8220;.vc_custom_1493895633346{padding-bottom: 20px !important;}&#8220;][vc_column_text]<\/p>\n<p class=\"p1\">Teller sp\u00fclen? Rasen M\u00e4hen? Quinoa Burger? Nicht lange herum eiern &#8211; fordere Deine Freunde heraus und f\u00e4lle eine Entscheidung!<\/p>\n<p>Rock-Paper-Scissors\u00a0ist ein Spiel f\u00fcr Apple i-Message.[\/vc_column_text][vc_separator align=&#8220;align_left&#8220;][vc_row_inner][vc_column_inner width=&#8220;1\/2&#8243;][vc_column_text]<span style=\"color: #000000;\"><strong>KUNDE<br \/>\n<\/strong><\/span>wonderkind<\/p>\n<p><span style=\"color: #000000;\"><strong>iTUNES<br \/>\n<\/strong><\/span><a href=\"https:\/\/itunes.apple.com\/us\/app\/rock-paper-scissors-game-for-imessage\/id1157678525?mt=8\" target=\"_blank\" rel=\"noopener noreferrer\">Rock-Paper-Scissors<\/a>[\/vc_column_text][\/vc_column_inner][vc_column_inner width=&#8220;1\/2&#8243;][vc_column_text]<span style=\"color: #000000;\"><strong>TECHNIK<br \/>\n<\/strong><\/span>Vektor Illustrationen<\/p>\n<p><span style=\"color: #000000;\"><strong>ARTDIREKTION, SCREEN-DESIGN, ILLUSTRATION &amp; ANIMATION<br \/>\n<\/strong><\/span>Peter Machat[\/vc_column_text][\/vc_column_inner][\/vc_row_inner][\/vc_column][\/vc_row]<\/p>\n<\/div>","protected":false},"excerpt":{"rendered":"<p>[vc_row full_width=&#8220;stretch_row&#8220; parallax=&#8220;content-moving&#8220; parallax_image=&#8220;3050&#8243; css=&#8220;.vc_custom_1493876406051{padding-top: 25% !important;padding-bottom: 3% !important;}&#8220;][vc_column width=&#8220;1\/4&#8243;][\/vc_column][vc_column width=&#8220;1\/2&#8243; css=&#8220;.vc_custom_1493876529126{padding-top: 45% !important;padding-bottom: 2% !important;}&#8220;][vc_single_image image=&#8220;3051&#8243; img_size=&#8220;468&#215;126&#8243; alignment=&#8220;center&#8220; css_animation=&#8220;fadeIn&#8220;][\/vc_column][vc_column width=&#8220;1\/4&#8243;][\/vc_column][\/vc_row][vc_row][vc_column width=&#8220;1\/4&#8243;][\/vc_column][vc_column width=&#8220;1\/2&#8243;][\/vc_column][vc_column width=&#8220;1\/4&#8243;][\/vc_column][\/vc_row][vc_row css=&#8220;.vc_custom_1490115989120{margin-top: 4% !important;margin-bottom: 10% !important;}&#8220;][vc_column width=&#8220;2\/3&#8243;][vc_row_inner][vc_column_inner width=&#8220;1\/3&#8243;][vc_single_image image=&#8220;3065&#8243; img_size=&#8220;full&#8220; alignment=&#8220;center&#8220;][\/vc_column_inner][vc_column_inner width=&#8220;1\/3&#8243;][vc_single_image image=&#8220;3073&#8243; img_size=&#8220;full&#8220; alignment=&#8220;center&#8220;][\/vc_column_inner][vc_column_inner width=&#8220;1\/3&#8243;][vc_single_image image=&#8220;3067&#8243; img_size=&#8220;full&#8220; alignment=&#8220;center&#8220;][\/vc_column_inner][\/vc_row_inner][vc_row_inner][vc_column_inner][vc_single_image image=&#8220;3078&#8243; img_size=&#8220;full&#8220; alignment=&#8220;center&#8220;][\/vc_column_inner][\/vc_row_inner][vc_row_inner][vc_column_inner][vc_single_image image=&#8220;3079&#8243; img_size=&#8220;full&#8220; alignment=&#8220;center&#8220;][\/vc_column_inner][\/vc_row_inner][vc_empty_space height=&#8220;64px&#8220;][vc_single_image image=&#8220;3080&#8243; img_size=&#8220;full&#8220; alignment=&#8220;center&#8220;][vc_row_inner][vc_column_inner][vc_single_image image=&#8220;3075&#8243; img_size=&#8220;full&#8220; alignment=&#8220;center&#8220; &hellip; <a href=\"https:\/\/beta.petermachat.com\/de\/rps\/\" title=\"rps\" class=\"read-more\">Read More<\/a><\/p>\n","protected":false},"author":1,"featured_media":0,"parent":0,"menu_order":0,"comment_status":"closed","ping_status":"closed","template":"","meta":{"footnotes":""},"_links":{"self":[{"href":"https:\/\/beta.petermachat.com\/de\/wp-json\/wp\/v2\/pages\/3052"}],"collection":[{"href":"https:\/\/beta.petermachat.com\/de\/wp-json\/wp\/v2\/pages"}],"about":[{"href":"https:\/\/beta.petermachat.com\/de\/wp-json\/wp\/v2\/types\/page"}],"author":[{"embeddable":true,"href":"https:\/\/beta.petermachat.com\/de\/wp-json\/wp\/v2\/users\/1"}],"replies":[{"embeddable":true,"href":"https:\/\/beta.petermachat.com\/de\/wp-json\/wp\/v2\/comments?post=3052"}],"version-history":[{"count":15,"href":"https:\/\/beta.petermachat.com\/de\/wp-json\/wp\/v2\/pages\/3052\/revisions"}],"predecessor-version":[{"id":3085,"href":"https:\/\/beta.petermachat.com\/de\/wp-json\/wp\/v2\/pages\/3052\/revisions\/3085"}],"wp:attachment":[{"href":"https:\/\/beta.petermachat.com\/de\/wp-json\/wp\/v2\/media?parent=3052"}],"curies":[{"name":"wp","href":"https:\/\/api.w.org\/{rel}","templated":true}]}}