{"id":3106,"date":"2017-05-25T11:14:27","date_gmt":"2017-05-25T10:14:27","guid":{"rendered":"http:\/\/petermachat.com\/?page_id=3106"},"modified":"2017-08-28T14:01:08","modified_gmt":"2017-08-28T13:01:08","slug":"logodesign","status":"publish","type":"page","link":"https:\/\/beta.petermachat.com\/de\/logodesign\/","title":{"rendered":"logodesign"},"content":{"rendered":"<div class=\"wpb-content-wrapper\"><p>[vc_row full_width=&#8220;stretch_row_content&#8220; parallax=&#8220;content-moving&#8220; css=&#8220;.vc_custom_1495708932251{margin-top: 5% !important;margin-bottom: -5% !important;}&#8220;][vc_column width=&#8220;1\/6&#8243;][vc_single_image image=&#8220;3116&#8243; img_size=&#8220;full&#8220; alignment=&#8220;center&#8220; onclick=&#8220;custom_link&#8220; link=&#8220;#rotor&#8220;][\/vc_column][vc_column width=&#8220;1\/6&#8243;][\/vc_column][vc_column width=&#8220;1\/6&#8243;][vc_single_image image=&#8220;3113&#8243; img_size=&#8220;full&#8220; alignment=&#8220;center&#8220; onclick=&#8220;custom_link&#8220; link=&#8220;#kugelfisch&#8220;][\/vc_column][vc_column width=&#8220;1\/6&#8243;][\/vc_column][vc_column width=&#8220;1\/6&#8243;][vc_single_image image=&#8220;3117&#8243; img_size=&#8220;full&#8220; alignment=&#8220;center&#8220; onclick=&#8220;custom_link&#8220; link=&#8220;#newthinking&#8220;][\/vc_column][vc_column width=&#8220;1\/6&#8243;][\/vc_column][\/vc_row][vc_row full_width=&#8220;stretch_row_content&#8220; parallax=&#8220;content-moving&#8220; css=&#8220;.vc_custom_1495708722568{margin-bottom: -5% !important;}&#8220;][vc_column width=&#8220;1\/6&#8243;][\/vc_column][vc_column width=&#8220;1\/6&#8243;][vc_single_image image=&#8220;3112&#8243; img_size=&#8220;full&#8220; alignment=&#8220;center&#8220; onclick=&#8220;custom_link&#8220; link=&#8220;#enter&#8220;][\/vc_column][vc_column width=&#8220;1\/6&#8243;][\/vc_column][vc_column width=&#8220;1\/6&#8243;][vc_single_image image=&#8220;3114&#8243; img_size=&#8220;full&#8220; alignment=&#8220;center&#8220; onclick=&#8220;custom_link&#8220; link=&#8220;#newthinking&#8220;][\/vc_column][vc_column width=&#8220;1\/6&#8243;][\/vc_column][vc_column width=&#8220;1\/6&#8243;][vc_single_image image=&#8220;3115&#8243; img_size=&#8220;full&#8220; alignment=&#8220;center&#8220; onclick=&#8220;custom_link&#8220; link=&#8220;#newthinking&#8220;][\/vc_column][\/vc_row][vc_row full_width=&#8220;stretch_row_content&#8220; parallax=&#8220;content-moving&#8220; css=&#8220;.vc_custom_1495711625497{margin-bottom: 10% !important;}&#8220;][vc_column width=&#8220;1\/6&#8243;][vc_single_image image=&#8220;3118&#8243; img_size=&#8220;full&#8220; alignment=&#8220;center&#8220; onclick=&#8220;custom_link&#8220; link=&#8220;#drups&#8220;][\/vc_column][vc_column width=&#8220;1\/6&#8243;][\/vc_column][vc_column width=&#8220;1\/6&#8243;][vc_single_image image=&#8220;3119&#8243; img_size=&#8220;full&#8220; alignment=&#8220;center&#8220; onclick=&#8220;custom_link&#8220; link=&#8220;#ravensburger&#8220;][\/vc_column][vc_column width=&#8220;1\/6&#8243;][\/vc_column][vc_column width=&#8220;1\/6&#8243;][vc_single_image image=&#8220;3120&#8243; img_size=&#8220;full&#8220; alignment=&#8220;center&#8220; onclick=&#8220;custom_link&#8220; link=&#8220;#ects&#8220;][\/vc_column][vc_column width=&#8220;1\/6&#8243;][\/vc_column][\/vc_row][vc_row el_id=&#8220;kugelfisch&#8220;][vc_column width=&#8220;2\/3&#8243;][vc_row_inner][vc_column_inner][vc_single_image image=&#8220;3113&#8243; img_size=&#8220;full&#8220; alignment=&#8220;center&#8220;][\/vc_column_inner][\/vc_row_inner][\/vc_column][vc_column width=&#8220;1\/3&#8243;][vc_custom_heading text=&#8220;Kugelfisch&#8220; font_container=&#8220;tag:h5|text_align:left&#8220; use_theme_fonts=&#8220;yes&#8220; css=&#8220;.vc_custom_1495710671131{margin-top: 20% !important;padding-bottom: 20px !important;}&#8220;][vc_column_text]Die Organe des Kugelfisches sind mit einem starken Nervengift versetzt \u2013 nicht jedoch sein Fleisch \u2013 nicht richtig zubereitet, kann er t\u00f6dlich sein.\u00a0Je n\u00e4her man ans\u00a0Gift kommt, desto schmackhafter wird das Fleisch. Genauso verh\u00e4lt es sich mit guten Ideen. Es erfordert viel Erfahrung und Geschick, gute Ideen zu bergen. Kugelfisch ist eine Design Agentur, die\u00a0sich auf diese Gratwanderung spezialisiert hat.[\/vc_column_text][vc_row_inner][vc_column_inner][vc_column_text]<span style=\"color: #000000;\"><strong>KUNDE<br \/>\n<\/strong><\/span>Kugelfisch\u00a0GbR[\/vc_column_text][\/vc_column_inner][\/vc_row_inner][\/vc_column][\/vc_row][vc_row el_id=&#8220;newthinking&#8220;][vc_column width=&#8220;2\/3&#8243;][vc_row_inner][vc_column_inner][vc_single_image image=&#8220;3114&#8243; img_size=&#8220;full&#8220; alignment=&#8220;center&#8220;][\/vc_column_inner][\/vc_row_inner][\/vc_column][vc_column width=&#8220;1\/3&#8243;][vc_custom_heading text=&#8220;Newthinking&#8220; font_container=&#8220;tag:h5|text_align:left&#8220; use_theme_fonts=&#8220;yes&#8220; css=&#8220;.vc_custom_1495711589651{margin-top: 20% !important;padding-bottom: 20px !important;}&#8220;][vc_column_text]Newthinking ist ein Unternehmen, spezialisiert\u00a0in Open Source Strategien und Projekte die Menschen mit digitalen Technologien zusammenbringen. Neben der Kreation und Kuration von Events liegt ein besonderer Fokus darauf Menschen zum gemeinsamen Weiterdenken zusammenzubringen.<\/p>\n<p>[\/vc_column_text][vc_row_inner][vc_column_inner][vc_column_text]<span style=\"color: #000000;\"><strong>KUNDE<br \/>\n<\/strong><\/span>newthinking communications GmbH[\/vc_column_text][\/vc_column_inner][\/vc_row_inner][vc_row_inner][vc_column_inner width=&#8220;1\/2&#8243;][vc_single_image image=&#8220;3117&#8243; img_size=&#8220;full&#8220; alignment=&#8220;center&#8220;][\/vc_column_inner][vc_column_inner width=&#8220;1\/2&#8243;][vc_single_image image=&#8220;3115&#8243; img_size=&#8220;full&#8220; alignment=&#8220;center&#8220;][\/vc_column_inner][\/vc_row_inner][\/vc_column][\/vc_row][vc_row el_id=&#8220;enter&#8220;][vc_column width=&#8220;2\/3&#8243;][vc_row_inner][vc_column_inner][vc_single_image image=&#8220;3112&#8243; img_size=&#8220;full&#8220; alignment=&#8220;center&#8220;][\/vc_column_inner][\/vc_row_inner][\/vc_column][vc_column width=&#8220;1\/3&#8243;][vc_custom_heading text=&#8220;Enter&#8220; font_container=&#8220;tag:h5|text_align:left&#8220; use_theme_fonts=&#8220;yes&#8220; css=&#8220;.vc_custom_1495711574892{margin-top: 20% !important;padding-bottom: 20px !important;}&#8220;][vc_column_text]Enter bringt Sch\u00fcler in die virtuelle Welt. Interaktive\u00a0Projekte\u00a0schaffen ein spannendes und gef\u00fchlt echt\u00a0erlebtes Lernumfeld, welches die Sch\u00fcler gleichzeitig mit neuen Technologien vertraut macht.[\/vc_column_text][vc_row_inner][vc_column_inner][vc_column_text]<span style=\"color: #000000;\"><strong>KUNDE<br \/>\n<\/strong><\/span>HEADTRIP &amp; Cornelsen[\/vc_column_text][\/vc_column_inner][\/vc_row_inner][\/vc_column][\/vc_row][vc_row el_id=&#8220;rotor&#8220;][vc_column width=&#8220;2\/3&#8243;][vc_row_inner][vc_column_inner][vc_single_image image=&#8220;3116&#8243; img_size=&#8220;full&#8220; alignment=&#8220;center&#8220;][\/vc_column_inner][\/vc_row_inner][\/vc_column][vc_column width=&#8220;1\/3&#8243;][vc_custom_heading text=&#8220;Rotor&#8220; font_container=&#8220;tag:h5|text_align:left&#8220; use_theme_fonts=&#8220;yes&#8220; css=&#8220;.vc_custom_1495712887243{margin-top: 20% !important;padding-bottom: 20px !important;}&#8220;][vc_column_text]Ein Rotor ist Kraft und Bewegung. Ein Rotor bringt sich selbst und seine Umgebung in Bewegung. Rotor collective ist ein think tank der sich den Prinzipien der Reduktion und Rotation verpflichtet f\u00fchlt. Dringe vor zum Kern eines Problems und vollf\u00fchre einen Perspektivwechsel. Analysiere das Problem erneut und beginnen wieder von vorn.<\/p>\n<p>[\/vc_column_text][vc_row_inner][vc_column_inner][vc_column_text]<span style=\"color: #000000;\"><strong>KUNDE<br \/>\n<\/strong><\/span>Rotor collective[\/vc_column_text][\/vc_column_inner][\/vc_row_inner][\/vc_column][\/vc_row][vc_row el_id=&#8220;ravensburger&#8220;][vc_column width=&#8220;2\/3&#8243;][vc_row_inner][vc_column_inner][vc_single_image image=&#8220;3119&#8243; img_size=&#8220;full&#8220; alignment=&#8220;center&#8220;][\/vc_column_inner][\/vc_row_inner][\/vc_column][vc_column width=&#8220;1\/3&#8243;][vc_custom_heading text=&#8220;Ravensburger Foto Puzzle&#8220; font_container=&#8220;tag:h5|text_align:left&#8220; use_theme_fonts=&#8220;yes&#8220; css=&#8220;.vc_custom_1495711719245{margin-top: 20% !important;padding-bottom: 20px !important;}&#8220;][vc_column_text]Ravensburger\u00a0Foto Puzzle\u00a0macht aus Deinen pers\u00f6nlichen Bildern Puzzle. Neben der Logo Gestaltung entwarf ich hunderte verschiedener Schachtel Designs.[\/vc_column_text][vc_row_inner][vc_column_inner][vc_column_text]<span style=\"color: #000000;\"><strong>KUNDE<br \/>\n<\/strong><\/span>Ravensburger digital[\/vc_column_text][\/vc_column_inner][\/vc_row_inner][\/vc_column][\/vc_row][vc_row el_id=&#8220;ects&#8220;][vc_column width=&#8220;2\/3&#8243;][vc_row_inner][vc_column_inner][vc_single_image image=&#8220;3120&#8243; img_size=&#8220;full&#8220; alignment=&#8220;center&#8220;][\/vc_column_inner][\/vc_row_inner][\/vc_column][vc_column width=&#8220;1\/3&#8243;][vc_custom_heading text=&#8220;Ects&#8220; font_container=&#8220;tag:h5|text_align:left&#8220; use_theme_fonts=&#8220;yes&#8220; css=&#8220;.vc_custom_1495712893816{margin-top: 20% !important;padding-bottom: 20px !important;}&#8220;][vc_column_text]Ects (european crew transportation system) war ein Projekt zur Entwicklung eines europ\u00e4ischen Equivalent zum Space Shuttle der Nasa.[\/vc_column_text][vc_row_inner][vc_column_inner][vc_column_text]<span style=\"color: #000000;\"><strong>KUNDE<br \/>\n<\/strong><\/span>EADS-Astrium[\/vc_column_text][\/vc_column_inner][\/vc_row_inner][\/vc_column][\/vc_row][vc_row el_id=&#8220;drups&#8220; css=&#8220;.vc_custom_1495715427534{margin-bottom: 10% !important;}&#8220;][vc_column width=&#8220;2\/3&#8243;][vc_row_inner][vc_column_inner][vc_single_image image=&#8220;3118&#8243; img_size=&#8220;full&#8220; alignment=&#8220;center&#8220;][\/vc_column_inner][\/vc_row_inner][\/vc_column][vc_column width=&#8220;1\/3&#8243;][vc_custom_heading text=&#8220;Drups&#8220; font_container=&#8220;tag:h5|text_align:left&#8220; use_theme_fonts=&#8220;yes&#8220; css=&#8220;.vc_custom_1495713280379{margin-top: 20% !important;padding-bottom: 20px !important;}&#8220;][vc_column_text]Geben ist seliger denn Nehmen und auf \u201edrups\u201f macht es auch noch Spa\u00df. Aber wie zeige ich all dies in einem Corporate Design? Mit einer Pusteblume!<\/p>\n<p>Kleine Geste \u2013 gro\u00dfe Wirkung: Es kostet nicht mehr als einen Atemzug, eine Pusteblume zu zerst\u00e4uben. Doch die Wirkung ist enorm. Die Samen werden in alle Himmelsrichtungen getragen und wachsen wieder zu L\u00f6wenzahn-Blumen heran, bis sie sich erneut zur Pusteblume wandeln. Spenden bei drups ist wie das Pusten auf eine Pusteblume: Es ist kinderleicht, bereitet Freude und tut Gutes.[\/vc_column_text][vc_row_inner][vc_column_inner][vc_column_text]<span style=\"color: #000000;\"><strong>KUNDE<br \/>\n<\/strong><\/span>Shop Apotheke[\/vc_column_text][\/vc_column_inner][\/vc_row_inner][\/vc_column][\/vc_row]<\/p>\n<\/div>","protected":false},"excerpt":{"rendered":"<p>[vc_row full_width=&#8220;stretch_row_content&#8220; parallax=&#8220;content-moving&#8220; css=&#8220;.vc_custom_1495708932251{margin-top: 5% !important;margin-bottom: -5% !important;}&#8220;][vc_column width=&#8220;1\/6&#8243;][vc_single_image image=&#8220;3116&#8243; img_size=&#8220;full&#8220; alignment=&#8220;center&#8220; onclick=&#8220;custom_link&#8220; link=&#8220;#rotor&#8220;][\/vc_column][vc_column width=&#8220;1\/6&#8243;][\/vc_column][vc_column width=&#8220;1\/6&#8243;][vc_single_image image=&#8220;3113&#8243; img_size=&#8220;full&#8220; alignment=&#8220;center&#8220; onclick=&#8220;custom_link&#8220; link=&#8220;#kugelfisch&#8220;][\/vc_column][vc_column width=&#8220;1\/6&#8243;][\/vc_column][vc_column width=&#8220;1\/6&#8243;][vc_single_image image=&#8220;3117&#8243; img_size=&#8220;full&#8220; alignment=&#8220;center&#8220; onclick=&#8220;custom_link&#8220; link=&#8220;#newthinking&#8220;][\/vc_column][vc_column width=&#8220;1\/6&#8243;][\/vc_column][\/vc_row][vc_row full_width=&#8220;stretch_row_content&#8220; parallax=&#8220;content-moving&#8220; css=&#8220;.vc_custom_1495708722568{margin-bottom: -5% !important;}&#8220;][vc_column width=&#8220;1\/6&#8243;][\/vc_column][vc_column width=&#8220;1\/6&#8243;][vc_single_image image=&#8220;3112&#8243; img_size=&#8220;full&#8220; alignment=&#8220;center&#8220; onclick=&#8220;custom_link&#8220; link=&#8220;#enter&#8220;][\/vc_column][vc_column width=&#8220;1\/6&#8243;][\/vc_column][vc_column width=&#8220;1\/6&#8243;][vc_single_image image=&#8220;3114&#8243; img_size=&#8220;full&#8220; alignment=&#8220;center&#8220; onclick=&#8220;custom_link&#8220; link=&#8220;#newthinking&#8220;][\/vc_column][vc_column width=&#8220;1\/6&#8243;][\/vc_column][vc_column width=&#8220;1\/6&#8243;][vc_single_image image=&#8220;3115&#8243; img_size=&#8220;full&#8220; alignment=&#8220;center&#8220; onclick=&#8220;custom_link&#8220; link=&#8220;#newthinking&#8220;][\/vc_column][\/vc_row][vc_row &hellip; <a href=\"https:\/\/beta.petermachat.com\/de\/logodesign\/\" title=\"logodesign\" class=\"read-more\">Read More<\/a><\/p>\n","protected":false},"author":1,"featured_media":0,"parent":0,"menu_order":0,"comment_status":"closed","ping_status":"closed","template":"","meta":{"footnotes":""},"_links":{"self":[{"href":"https:\/\/beta.petermachat.com\/de\/wp-json\/wp\/v2\/pages\/3106"}],"collection":[{"href":"https:\/\/beta.petermachat.com\/de\/wp-json\/wp\/v2\/pages"}],"about":[{"href":"https:\/\/beta.petermachat.com\/de\/wp-json\/wp\/v2\/types\/page"}],"author":[{"embeddable":true,"href":"https:\/\/beta.petermachat.com\/de\/wp-json\/wp\/v2\/users\/1"}],"replies":[{"embeddable":true,"href":"https:\/\/beta.petermachat.com\/de\/wp-json\/wp\/v2\/comments?post=3106"}],"version-history":[{"count":25,"href":"https:\/\/beta.petermachat.com\/de\/wp-json\/wp\/v2\/pages\/3106\/revisions"}],"predecessor-version":[{"id":3170,"href":"https:\/\/beta.petermachat.com\/de\/wp-json\/wp\/v2\/pages\/3106\/revisions\/3170"}],"wp:attachment":[{"href":"https:\/\/beta.petermachat.com\/de\/wp-json\/wp\/v2\/media?parent=3106"}],"curies":[{"name":"wp","href":"https:\/\/api.w.org\/{rel}","templated":true}]}}