{"id":3389,"date":"2019-12-10T12:59:12","date_gmt":"2019-12-10T11:59:12","guid":{"rendered":"http:\/\/petermachat.com\/?page_id=3389"},"modified":"2020-12-15T14:04:42","modified_gmt":"2020-12-15T13:04:42","slug":"befana","status":"publish","type":"page","link":"https:\/\/beta.petermachat.com\/de\/befana\/","title":{"rendered":"befana"},"content":{"rendered":"<div class=\"wpb-content-wrapper\"><p>[vc_row css=&#8220;.vc_custom_1575979423917{margin-top: 5% !important;}&#8220;][vc_column][vc_single_image image=&#8220;3410&#8243; img_size=&#8220;full&#8220; alignment=&#8220;center&#8220;][\/vc_column][\/vc_row][vc_row][vc_column width=&#8220;1\/4&#8243;][\/vc_column][vc_column width=&#8220;1\/2&#8243;][vc_column_text]<\/p>\n<p class=\"p1\">In der Nacht vom 5. auf den 6. Januar fliegt <strong>Befana<\/strong>, die Weihnachtshexe, \u00fcber die D\u00e4cher Italiens. Sie steigt durch den Kamin oder das Schl\u00fcsselloch und besucht die Kinder. Diese haben einen Socken f\u00fcr sie aufgeh\u00e4ngt und hoffen auf S\u00fc\u00dfigkeiten und Geschenke. Waren sie jedoch b\u00f6se, so finden sie Knoblauch oder Kohle. Der Legende nach machten die Drei Heiligen K\u00f6nige auf ihrer Reise eine Rast und befragten Befana nach dem Weg. Sie bewirtete sie und bot ihnen ein Bett f\u00fcr die Nacht. Aus Dank, luden sie sie ein, mit ihnen zur Geburt Jesu zu reisen. Sie schlug das Angebot aus. Doch schon kurz darauf bereute sie ihre Entscheidung, packte S\u00fc\u00dfigkeiten und Geschenke ein und folgte ihnen nach. Und obwohl sie das Jesuskind bis heute nicht gefunden hat, besucht sie weiterhin alle Kinder. Denn Unschuld und G\u00fcte finden sich in (fast) jedem Kind.<\/p>\n<p>[\/vc_column_text][\/vc_column][vc_column width=&#8220;1\/4&#8243;][\/vc_column][\/vc_row]<\/p>\n<\/div>","protected":false},"excerpt":{"rendered":"<p>[vc_row css=&#8220;.vc_custom_1575979423917{margin-top: 5% !important;}&#8220;][vc_column][vc_single_image image=&#8220;3410&#8243; img_size=&#8220;full&#8220; alignment=&#8220;center&#8220;][\/vc_column][\/vc_row][vc_row][vc_column width=&#8220;1\/4&#8243;][\/vc_column][vc_column width=&#8220;1\/2&#8243;][vc_column_text] In der Nacht vom 5. auf den 6. Januar fliegt Befana, die Weihnachtshexe, \u00fcber die D\u00e4cher Italiens. Sie steigt durch den Kamin oder das Schl\u00fcsselloch und besucht die Kinder. Diese haben einen Socken f\u00fcr sie aufgeh\u00e4ngt und hoffen auf S\u00fc\u00dfigkeiten und Geschenke. Waren sie jedoch b\u00f6se, &hellip; <a href=\"https:\/\/beta.petermachat.com\/de\/befana\/\" title=\"befana\" class=\"read-more\">Read More<\/a><\/p>\n","protected":false},"author":1,"featured_media":0,"parent":0,"menu_order":0,"comment_status":"closed","ping_status":"closed","template":"","meta":{"footnotes":""},"_links":{"self":[{"href":"https:\/\/beta.petermachat.com\/de\/wp-json\/wp\/v2\/pages\/3389"}],"collection":[{"href":"https:\/\/beta.petermachat.com\/de\/wp-json\/wp\/v2\/pages"}],"about":[{"href":"https:\/\/beta.petermachat.com\/de\/wp-json\/wp\/v2\/types\/page"}],"author":[{"embeddable":true,"href":"https:\/\/beta.petermachat.com\/de\/wp-json\/wp\/v2\/users\/1"}],"replies":[{"embeddable":true,"href":"https:\/\/beta.petermachat.com\/de\/wp-json\/wp\/v2\/comments?post=3389"}],"version-history":[{"count":25,"href":"https:\/\/beta.petermachat.com\/de\/wp-json\/wp\/v2\/pages\/3389\/revisions"}],"predecessor-version":[{"id":3404,"href":"https:\/\/beta.petermachat.com\/de\/wp-json\/wp\/v2\/pages\/3389\/revisions\/3404"}],"wp:attachment":[{"href":"https:\/\/beta.petermachat.com\/de\/wp-json\/wp\/v2\/media?parent=3389"}],"curies":[{"name":"wp","href":"https:\/\/api.w.org\/{rel}","templated":true}]}}