{"id":3424,"date":"2019-12-20T11:14:35","date_gmt":"2019-12-20T10:14:35","guid":{"rendered":"http:\/\/petermachat.com\/?page_id=3424"},"modified":"2020-12-15T14:00:04","modified_gmt":"2020-12-15T13:00:04","slug":"dedmoroz","status":"publish","type":"page","link":"https:\/\/beta.petermachat.com\/de\/dedmoroz\/","title":{"rendered":"dedmoroz"},"content":{"rendered":"<div class=\"wpb-content-wrapper\"><p>[vc_row full_width=&#8220;stretch_row&#8220; css=&#8220;.vc_custom_1576836616197{margin-top: 5% !important;margin-bottom: 15% !important;}&#8220;][vc_column width=&#8220;4\/6&#8243;][vc_single_image image=&#8220;3344&#8243; img_size=&#8220;full&#8220; alignment=&#8220;center&#8220;][\/vc_column][vc_column width=&#8220;2\/6&#8243;][vc_empty_space height=&#8220;96px&#8220;][vc_column_text]<\/p>\n<p class=\"p1\"><b>Ded Moros<\/b> <b>&amp; Snegurotschka<\/b>, V\u00e4terchen Frost &amp; Schneem\u00e4dchen. Ded Moros ist viel mehr als ein slawischer Weihnachtsmann &#8211; er ist ein m\u00e4chtiger Zauberer. Alles, was die Spitze seines magischen Zepters ber\u00fchrt, wird zu Eis! Seine Enkelin, Snegurotschka, aus Schnee geboren, ist eine wahre Prinzessin. Sie begleitet ihren Gro\u00dfvater, k\u00fcndigt ihn an und bes\u00e4nftigt sein Gem\u00fct. W\u00e4hrend Ded Moros magisches Zepter fr\u00fcher des \u00f6fteren auf unartigen Kindern landete, nutzt er es heute haupts\u00e4chlich um Fl\u00fcsse gefrieren zu lassen und Schneest\u00fcrme \u00fcber das Land zu wirbeln. Seit der Komfort der Zentralheizungen ihm die Bev\u00f6lkerung positiver gestimmt hat, ist auch er freundlicher geworden. Wenn er heute am 1. Januar die Kinder besucht, reicht oft schon ein Gedicht oder eine Lied, um ein Geschenk zu erhalten.<\/p>\n<p>[\/vc_column_text][\/vc_column][\/vc_row]<\/p>\n<\/div>","protected":false},"excerpt":{"rendered":"<p>[vc_row full_width=&#8220;stretch_row&#8220; css=&#8220;.vc_custom_1576836616197{margin-top: 5% !important;margin-bottom: 15% !important;}&#8220;][vc_column width=&#8220;4\/6&#8243;][vc_single_image image=&#8220;3344&#8243; img_size=&#8220;full&#8220; alignment=&#8220;center&#8220;][\/vc_column][vc_column width=&#8220;2\/6&#8243;][vc_empty_space height=&#8220;96px&#8220;][vc_column_text] Ded Moros &amp; Snegurotschka, V\u00e4terchen Frost &amp; Schneem\u00e4dchen. Ded Moros ist viel mehr als ein slawischer Weihnachtsmann &#8211; er ist ein m\u00e4chtiger Zauberer. Alles, was die Spitze seines magischen Zepters ber\u00fchrt, wird zu Eis! Seine Enkelin, Snegurotschka, aus Schnee geboren, ist eine &hellip; <a href=\"https:\/\/beta.petermachat.com\/de\/dedmoroz\/\" title=\"dedmoroz\" class=\"read-more\">Read More<\/a><\/p>\n","protected":false},"author":1,"featured_media":0,"parent":0,"menu_order":0,"comment_status":"closed","ping_status":"closed","template":"","meta":{"footnotes":""},"_links":{"self":[{"href":"https:\/\/beta.petermachat.com\/de\/wp-json\/wp\/v2\/pages\/3424"}],"collection":[{"href":"https:\/\/beta.petermachat.com\/de\/wp-json\/wp\/v2\/pages"}],"about":[{"href":"https:\/\/beta.petermachat.com\/de\/wp-json\/wp\/v2\/types\/page"}],"author":[{"embeddable":true,"href":"https:\/\/beta.petermachat.com\/de\/wp-json\/wp\/v2\/users\/1"}],"replies":[{"embeddable":true,"href":"https:\/\/beta.petermachat.com\/de\/wp-json\/wp\/v2\/comments?post=3424"}],"version-history":[{"count":20,"href":"https:\/\/beta.petermachat.com\/de\/wp-json\/wp\/v2\/pages\/3424\/revisions"}],"predecessor-version":[{"id":3729,"href":"https:\/\/beta.petermachat.com\/de\/wp-json\/wp\/v2\/pages\/3424\/revisions\/3729"}],"wp:attachment":[{"href":"https:\/\/beta.petermachat.com\/de\/wp-json\/wp\/v2\/media?parent=3424"}],"curies":[{"name":"wp","href":"https:\/\/api.w.org\/{rel}","templated":true}]}}