{"id":3507,"date":"2020-03-31T17:17:06","date_gmt":"2020-03-31T16:17:06","guid":{"rendered":"http:\/\/petermachat.com\/?page_id=3507"},"modified":"2020-04-01T18:41:44","modified_gmt":"2020-04-01T17:41:44","slug":"energy-app","status":"publish","type":"page","link":"https:\/\/beta.petermachat.com\/de\/energy-app\/","title":{"rendered":"energy-app"},"content":{"rendered":"<div class=\"wpb-content-wrapper\"><p>[vc_row full_width=&#8220;stretch_row&#8220; content_placement=&#8220;middle&#8220; parallax=&#8220;content-moving&#8220; parallax_image=&#8220;3531&#8243;][vc_column width=&#8220;1\/4&#8243;][\/vc_column][vc_column width=&#8220;1\/2&#8243; css=&#8220;.vc_custom_1490116202171{padding-top: 120% !important;padding-bottom: 20% !important;}&#8220;][\/vc_column][vc_column width=&#8220;1\/4&#8243;][\/vc_column][\/vc_row][vc_row css=&#8220;.vc_custom_1585753589906{margin-top: 4% !important;margin-bottom: 7% !important;}&#8220;][vc_column width=&#8220;2\/3&#8243;][vc_row_inner][vc_column_inner width=&#8220;1\/2&#8243;][vc_single_image image=&#8220;3544&#8243; img_size=&#8220;full&#8220; alignment=&#8220;center&#8220;][vc_single_image image=&#8220;3537&#8243; img_size=&#8220;full&#8220; alignment=&#8220;center&#8220; style=&#8220;vc_box_shadow&#8220;][\/vc_column_inner][vc_column_inner width=&#8220;1\/2&#8243;][vc_single_image image=&#8220;3546&#8243; img_size=&#8220;full&#8220; alignment=&#8220;center&#8220;][vc_single_image image=&#8220;3538&#8243; img_size=&#8220;full&#8220; alignment=&#8220;center&#8220; style=&#8220;vc_box_shadow&#8220;][\/vc_column_inner][\/vc_row_inner][\/vc_column][vc_column width=&#8220;1\/3&#8243;][vc_custom_heading text=&#8220;Energie Wimmelapp&#8220; font_container=&#8220;tag:h5|text_align:left&#8220; use_theme_fonts=&#8220;yes&#8220; css=&#8220;.vc_custom_1585676047622{padding-bottom: 20px !important;}&#8220;][vc_column_text]<\/p>\n<p class=\"p1\"><span class=\"s1\">Voll animierte Wimmel App zum Thema Energie f\u00fcr das Haus der kleinen Forscher.<\/span><\/p>\n<p class=\"p1\"><span class=\"s1\">Alles l\u00e4sst sich ber\u00fchren und alles ist animiert. Anhand von 6 Wimmelbildern mit \u00fcber 100 Animationen k\u00f6nnen Kinder sich spielerisch dem Thema Energie n\u00e4hern. Anregungen mit weiterf\u00fchrenden Informationen, Spielen und Aufgaben vertiefen das Thema. Ein Bereich f\u00fcr Erwachsene bietet weiteres Material sowie ein gro\u00dfes Poster zum selber ausdrucken.<\/span><\/p>\n<p>[\/vc_column_text][vc_row_inner][vc_column_inner width=&#8220;1\/2&#8243;][vc_column_text]<span style=\"color: #000000;\"><strong>KUNDE<br \/>\n<\/strong><\/span>Haus der kleinen Forscher<\/p>\n<p><span style=\"color: #000000;\"><strong>Produktion<br \/>\n<\/strong><\/span>wonderkind GmbH<\/p>\n<p><span style=\"color: #000000;\"><strong>WEBSITE<br \/>\n<\/strong><\/span><a href=\"https:\/\/energie-wimmelapp.de\/\" target=\"_blank\" rel=\"noopener noreferrer\">energie-wimmelapp.de<\/a>[\/vc_column_text][\/vc_column_inner][vc_column_inner width=&#8220;1\/2&#8243;][vc_column_text]<span style=\"color: #000000;\"><strong>TECHNIK<br \/>\n<\/strong><\/span>Illustration &amp; Animation mit Photoshop, Spine<\/p>\n<p><span style=\"color: #000000;\"><strong>ARTDIREKTION, SCREEN DESIGN, ILLUSTRATION &amp; ANIMATION<br \/>\n<\/strong><\/span>Peter Machat[\/vc_column_text][\/vc_column_inner][\/vc_row_inner][\/vc_column][\/vc_row][vc_row][vc_column][vc_single_image image=&#8220;3531&#8243; img_size=&#8220;full&#8220; alignment=&#8220;center&#8220;][\/vc_column][\/vc_row][vc_row][vc_column width=&#8220;1\/3&#8243;][vc_single_image image=&#8220;3513&#8243; img_size=&#8220;full&#8220; alignment=&#8220;center&#8220;][\/vc_column][vc_column width=&#8220;1\/3&#8243;][vc_single_image image=&#8220;3510&#8243; img_size=&#8220;full&#8220; alignment=&#8220;center&#8220;][\/vc_column][vc_column width=&#8220;1\/3&#8243;][vc_single_image image=&#8220;3509&#8243; img_size=&#8220;full&#8220; alignment=&#8220;center&#8220;][\/vc_column][\/vc_row][vc_row css=&#8220;.vc_custom_1585753476858{margin-top: 5% !important;margin-bottom: 10% !important;}&#8220;][vc_column][vc_single_image image=&#8220;3582&#8243; img_size=&#8220;full&#8220; alignment=&#8220;center&#8220;][\/vc_column][\/vc_row]<\/p>\n<\/div>","protected":false},"excerpt":{"rendered":"<p>[vc_row full_width=&#8220;stretch_row&#8220; content_placement=&#8220;middle&#8220; parallax=&#8220;content-moving&#8220; parallax_image=&#8220;3531&#8243;][vc_column width=&#8220;1\/4&#8243;][\/vc_column][vc_column width=&#8220;1\/2&#8243; css=&#8220;.vc_custom_1490116202171{padding-top: 120% !important;padding-bottom: 20% !important;}&#8220;][\/vc_column][vc_column width=&#8220;1\/4&#8243;][\/vc_column][\/vc_row][vc_row css=&#8220;.vc_custom_1585753589906{margin-top: 4% !important;margin-bottom: 7% !important;}&#8220;][vc_column width=&#8220;2\/3&#8243;][vc_row_inner][vc_column_inner width=&#8220;1\/2&#8243;][vc_single_image image=&#8220;3544&#8243; img_size=&#8220;full&#8220; alignment=&#8220;center&#8220;][vc_single_image image=&#8220;3537&#8243; img_size=&#8220;full&#8220; alignment=&#8220;center&#8220; style=&#8220;vc_box_shadow&#8220;][\/vc_column_inner][vc_column_inner width=&#8220;1\/2&#8243;][vc_single_image image=&#8220;3546&#8243; img_size=&#8220;full&#8220; alignment=&#8220;center&#8220;][vc_single_image image=&#8220;3538&#8243; img_size=&#8220;full&#8220; alignment=&#8220;center&#8220; style=&#8220;vc_box_shadow&#8220;][\/vc_column_inner][\/vc_row_inner][\/vc_column][vc_column width=&#8220;1\/3&#8243;][vc_custom_heading text=&#8220;Energie Wimmelapp&#8220; font_container=&#8220;tag:h5|text_align:left&#8220; use_theme_fonts=&#8220;yes&#8220; css=&#8220;.vc_custom_1585676047622{padding-bottom: 20px !important;}&#8220;][vc_column_text] Voll animierte Wimmel App zum Thema Energie f\u00fcr das Haus der kleinen &hellip; <a href=\"https:\/\/beta.petermachat.com\/de\/energy-app\/\" title=\"energy-app\" class=\"read-more\">Read More<\/a><\/p>\n","protected":false},"author":1,"featured_media":0,"parent":0,"menu_order":0,"comment_status":"closed","ping_status":"closed","template":"","meta":{"footnotes":""},"_links":{"self":[{"href":"https:\/\/beta.petermachat.com\/de\/wp-json\/wp\/v2\/pages\/3507"}],"collection":[{"href":"https:\/\/beta.petermachat.com\/de\/wp-json\/wp\/v2\/pages"}],"about":[{"href":"https:\/\/beta.petermachat.com\/de\/wp-json\/wp\/v2\/types\/page"}],"author":[{"embeddable":true,"href":"https:\/\/beta.petermachat.com\/de\/wp-json\/wp\/v2\/users\/1"}],"replies":[{"embeddable":true,"href":"https:\/\/beta.petermachat.com\/de\/wp-json\/wp\/v2\/comments?post=3507"}],"version-history":[{"count":33,"href":"https:\/\/beta.petermachat.com\/de\/wp-json\/wp\/v2\/pages\/3507\/revisions"}],"predecessor-version":[{"id":3584,"href":"https:\/\/beta.petermachat.com\/de\/wp-json\/wp\/v2\/pages\/3507\/revisions\/3584"}],"wp:attachment":[{"href":"https:\/\/beta.petermachat.com\/de\/wp-json\/wp\/v2\/media?parent=3507"}],"curies":[{"name":"wp","href":"https:\/\/api.w.org\/{rel}","templated":true}]}}