{"id":3692,"date":"2020-12-14T12:07:46","date_gmt":"2020-12-14T11:07:46","guid":{"rendered":"http:\/\/petermachat.com\/?page_id=3692"},"modified":"2020-12-15T14:02:28","modified_gmt":"2020-12-15T13:02:28","slug":"kertasnikir","status":"publish","type":"page","link":"https:\/\/beta.petermachat.com\/de\/kertasnikir\/","title":{"rendered":"kertasnikir"},"content":{"rendered":"<div class=\"wpb-content-wrapper\"><p>[vc_row full_width=&#8220;stretch_row&#8220; css=&#8220;.vc_custom_1607945933039{margin-bottom: 15% !important;}&#8220;][vc_column width=&#8220;4\/6&#8243; css=&#8220;.vc_custom_1607945946720{margin-top: 5% !important;}&#8220;][vc_single_image image=&#8220;3695&#8243; img_size=&#8220;full&#8220; alignment=&#8220;center&#8220;][\/vc_column][vc_column width=&#8220;2\/6&#8243;][vc_empty_space height=&#8220;96px&#8220;][vc_single_image image=&#8220;3708&#8243; img_size=&#8220;full&#8220; alignment=&#8220;center&#8220;][vc_column_text]<\/p>\n<p class=\"p1\"><span class=\"s1\">Am 24. Dezember kommt <b>Kertasn\u00edkir<\/b>, der Kerzendieb, und isst eure Kerzen. Er ist der Letzte der dreizehn isl\u00e4ndischen Weihnachtskerle, den S\u00f6hnen der kinderfressenden Riesin Gryla und des faulen, aber friedlichen Leppaludi. An den dreizehn Tagen vor Weihnachten kommen sie der Reihe nach aus den Bergen herunter \u2013 urspr\u00fcnglich schickte Gryla sie aus, um ungezogene Kinder f\u00fcr ihren Kochtopf zu rauben. Da sie jedoch das Gem\u00fct ihres Vaters haben, wurden sie mit der Zeit zu den Freunden der Kinder. Heute stibitzen sie etwas Essbares oder spielen den Menschen einen Streich. Zum Ausgleich hinterlassen sie kleine Geschenke in den Schuhen braver Kinder. Den Ungezogenen hinterlassen sie eine Kartoffel \u2013 was immer noch besser ist, als im Kochtopf zu landen. Obwohl die Kerzen heute nicht mehr aus essbarem Talg bestehen, findet man hin und wieder doch noch eine mit Kertasn\u00edkirs Bissspuren.<\/span><\/p>\n<p>[\/vc_column_text][vc_row_inner][vc_column_inner width=&#8220;2\/3&#8243;][\/vc_column_inner][vc_column_inner width=&#8220;1\/3&#8243;][\/vc_column_inner][\/vc_row_inner][\/vc_column][\/vc_row]<\/p>\n<\/div>","protected":false},"excerpt":{"rendered":"<p>[vc_row full_width=&#8220;stretch_row&#8220; css=&#8220;.vc_custom_1607945933039{margin-bottom: 15% !important;}&#8220;][vc_column width=&#8220;4\/6&#8243; css=&#8220;.vc_custom_1607945946720{margin-top: 5% !important;}&#8220;][vc_single_image image=&#8220;3695&#8243; img_size=&#8220;full&#8220; alignment=&#8220;center&#8220;][\/vc_column][vc_column width=&#8220;2\/6&#8243;][vc_empty_space height=&#8220;96px&#8220;][vc_single_image image=&#8220;3708&#8243; img_size=&#8220;full&#8220; alignment=&#8220;center&#8220;][vc_column_text] Am 24. Dezember kommt Kertasn\u00edkir, der Kerzendieb, und isst eure Kerzen. Er ist der Letzte der dreizehn isl\u00e4ndischen Weihnachtskerle, den S\u00f6hnen der kinderfressenden Riesin Gryla und des faulen, aber friedlichen Leppaludi. An den dreizehn Tagen vor Weihnachten kommen &hellip; <a href=\"https:\/\/beta.petermachat.com\/de\/kertasnikir\/\" title=\"kertasnikir\" class=\"read-more\">Read More<\/a><\/p>\n","protected":false},"author":1,"featured_media":0,"parent":0,"menu_order":0,"comment_status":"closed","ping_status":"closed","template":"","meta":{"footnotes":""},"_links":{"self":[{"href":"https:\/\/beta.petermachat.com\/de\/wp-json\/wp\/v2\/pages\/3692"}],"collection":[{"href":"https:\/\/beta.petermachat.com\/de\/wp-json\/wp\/v2\/pages"}],"about":[{"href":"https:\/\/beta.petermachat.com\/de\/wp-json\/wp\/v2\/types\/page"}],"author":[{"embeddable":true,"href":"https:\/\/beta.petermachat.com\/de\/wp-json\/wp\/v2\/users\/1"}],"replies":[{"embeddable":true,"href":"https:\/\/beta.petermachat.com\/de\/wp-json\/wp\/v2\/comments?post=3692"}],"version-history":[{"count":26,"href":"https:\/\/beta.petermachat.com\/de\/wp-json\/wp\/v2\/pages\/3692\/revisions"}],"predecessor-version":[{"id":3731,"href":"https:\/\/beta.petermachat.com\/de\/wp-json\/wp\/v2\/pages\/3692\/revisions\/3731"}],"wp:attachment":[{"href":"https:\/\/beta.petermachat.com\/de\/wp-json\/wp\/v2\/media?parent=3692"}],"curies":[{"name":"wp","href":"https:\/\/api.w.org\/{rel}","templated":true}]}}