{"id":3891,"date":"2022-01-04T09:36:40","date_gmt":"2022-01-04T08:36:40","guid":{"rendered":"http:\/\/petermachat.com\/?page_id=3891"},"modified":"2022-01-04T09:55:11","modified_gmt":"2022-01-04T08:55:11","slug":"kallikantzaros","status":"publish","type":"page","link":"https:\/\/beta.petermachat.com\/de\/kallikantzaros\/","title":{"rendered":"Kallikantzaros"},"content":{"rendered":"<div class=\"wpb-content-wrapper\"><p>[vc_row full_width=&#8220;stretch_row&#8220; css=&#8220;.vc_custom_1641285607274{margin-bottom: 15% !important;}&#8220;][vc_column width=&#8220;4\/6&#8243;][vc_single_image image=&#8220;3881&#8243; img_size=&#8220;full&#8220; alignment=&#8220;center&#8220;][\/vc_column][vc_column width=&#8220;2\/6&#8243;][vc_empty_space height=&#8220;96 px&#8220;][vc_single_image image=&#8220;3887&#8243; img_size=&#8220;full&#8220;][vc_column_text]Die Kallikantzaros sind Kobolde aus S\u00fcdosteuropa. Sie leben unter der Erde, wo sie versuchen, den Weltenbaum zu Fall zu bringen. Vom 25. Dezember bis zum 6. Januar kommen sie zu uns an die Oberfl\u00e4che, um durch Schornsteine, Schl\u00fcssell\u00f6cher, Spalten oder Ritzen aller Art in unsere H\u00e4user einzudringen. Sind sie einmal drinnen, treiben sie ihren Schabernack und hinterlassen Chaos und Verw\u00fcstung. Um sich vor ihnen zu sch\u00fctzen, sollte man das Feuer w\u00e4hrend der 12 Weihnachtstage nicht erl\u00f6schen lassen. Eine S\u00fc\u00dfigkeit oder ein paar W\u00fcrstchen aufs Dach werfen oder ein Nudelsieb vor die Haust\u00fcr stellen. Da 3 eine heilige Zahl ist, k\u00f6nnen die Kallikantzaros nur bis zwei z\u00e4hlen. Sie werden so lange versuchen, die L\u00f6cher des Siebes zu z\u00e4hlen, bis der Sonnenaufgang sie zum Gehen zwingt. Am 6. Januar treibt die wiederkehrende Sonne sie schlie\u00dflich zur\u00fcck in die Unterwelt. In ihrer Abwesenheit hat sich der Weltenbaum erholt und die Kallikantzaros beginnen ihr Werk von Neuem.[\/vc_column_text][\/vc_column][\/vc_row]<\/p>\n<\/div>","protected":false},"excerpt":{"rendered":"<p>[vc_row full_width=&#8220;stretch_row&#8220; css=&#8220;.vc_custom_1641285607274{margin-bottom: 15% !important;}&#8220;][vc_column width=&#8220;4\/6&#8243;][vc_single_image image=&#8220;3881&#8243; img_size=&#8220;full&#8220; alignment=&#8220;center&#8220;][\/vc_column][vc_column width=&#8220;2\/6&#8243;][vc_empty_space height=&#8220;96 px&#8220;][vc_single_image image=&#8220;3887&#8243; img_size=&#8220;full&#8220;][vc_column_text]Die Kallikantzaros sind Kobolde aus S\u00fcdosteuropa. Sie leben unter der Erde, wo sie versuchen, den Weltenbaum zu Fall zu bringen. Vom 25. Dezember bis zum 6. Januar kommen sie zu uns an die Oberfl\u00e4che, um durch Schornsteine, Schl\u00fcssell\u00f6cher, Spalten oder Ritzen aller &hellip; <a href=\"https:\/\/beta.petermachat.com\/de\/kallikantzaros\/\" title=\"Kallikantzaros\" class=\"read-more\">Read More<\/a><\/p>\n","protected":false},"author":1,"featured_media":3900,"parent":0,"menu_order":0,"comment_status":"closed","ping_status":"closed","template":"","meta":{"footnotes":""},"_links":{"self":[{"href":"https:\/\/beta.petermachat.com\/de\/wp-json\/wp\/v2\/pages\/3891"}],"collection":[{"href":"https:\/\/beta.petermachat.com\/de\/wp-json\/wp\/v2\/pages"}],"about":[{"href":"https:\/\/beta.petermachat.com\/de\/wp-json\/wp\/v2\/types\/page"}],"author":[{"embeddable":true,"href":"https:\/\/beta.petermachat.com\/de\/wp-json\/wp\/v2\/users\/1"}],"replies":[{"embeddable":true,"href":"https:\/\/beta.petermachat.com\/de\/wp-json\/wp\/v2\/comments?post=3891"}],"version-history":[{"count":7,"href":"https:\/\/beta.petermachat.com\/de\/wp-json\/wp\/v2\/pages\/3891\/revisions"}],"predecessor-version":[{"id":3897,"href":"https:\/\/beta.petermachat.com\/de\/wp-json\/wp\/v2\/pages\/3891\/revisions\/3897"}],"wp:featuredmedia":[{"embeddable":true,"href":"https:\/\/beta.petermachat.com\/de\/wp-json\/wp\/v2\/media\/3900"}],"wp:attachment":[{"href":"https:\/\/beta.petermachat.com\/de\/wp-json\/wp\/v2\/media?parent=3891"}],"curies":[{"name":"wp","href":"https:\/\/api.w.org\/{rel}","templated":true}]}}